{"id":13233,"date":"2024-06-14T17:52:54","date_gmt":"2024-06-14T15:52:54","guid":{"rendered":"https:\/\/gevgelija.biz\/zahntourismus-gevgelija\/"},"modified":"2025-09-23T01:05:39","modified_gmt":"2025-09-22T23:05:39","slug":"zahntourismus-gevgelija","status":"publish","type":"page","link":"https:\/\/gevgelija.biz\/de\/zahntourismus-gevgelija\/","title":{"rendered":"Zahntourismus Gevgelija"},"content":{"rendered":"\t\t<div data-elementor-type=\"wp-page\" data-elementor-id=\"13233\" class=\"elementor elementor-13233 elementor-4389\" data-elementor-post-type=\"page\">\n\t\t\t\t\t\t<section class=\"has-el-gap el-gap-default elementor-section elementor-top-section elementor-element elementor-element-6b3b91e elementor-section-boxed elementor-section-height-default elementor-section-height-default\" data-id=\"6b3b91e\" data-element_type=\"section\" data-e-type=\"section\">\n\t\t\t\t\t\t<div class=\"elementor-container elementor-column-gap-no\">\n\t\t\t\t\t<div class=\"elementor-column elementor-col-100 elementor-top-column elementor-element elementor-element-a3eedd0\" data-id=\"a3eedd0\" data-element_type=\"column\" data-e-type=\"column\">\n\t\t\t<div class=\"elementor-widget-wrap elementor-element-populated\">\n\t\t\t\t\t\t<div class=\"elementor-element elementor-element-d77966d elementor-widget elementor-widget-spacer\" data-id=\"d77966d\" data-element_type=\"widget\" data-e-type=\"widget\" data-widget_type=\"spacer.default\">\n\t\t\t\t<div class=\"elementor-widget-container\">\n\t\t\t\t\t\t\t<div class=\"elementor-spacer\">\n\t\t\t<div class=\"elementor-spacer-inner\"><\/div>\n\t\t<\/div>\n\t\t\t\t\t\t<\/div>\n\t\t\t\t<\/div>\n\t\t\t\t\t<\/div>\n\t\t<\/div>\n\t\t\t\t\t<\/div>\n\t\t<\/section>\n\t\t\t\t<section class=\"has-el-gap el-gap-default elementor-section elementor-top-section elementor-element elementor-element-226c11d elementor-section-boxed elementor-section-height-default elementor-section-height-default\" data-id=\"226c11d\" data-element_type=\"section\" data-e-type=\"section\">\n\t\t\t\t\t\t<div class=\"elementor-container elementor-column-gap-no\">\n\t\t\t\t\t<div class=\"elementor-column elementor-col-100 elementor-top-column elementor-element elementor-element-2b5221b\" data-id=\"2b5221b\" data-element_type=\"column\" data-e-type=\"column\">\n\t\t\t<div class=\"elementor-widget-wrap elementor-element-populated\">\n\t\t\t\t\t\t<div class=\"elementor-element elementor-element-43d55a0 elementor-widget elementor-widget-heading\" data-id=\"43d55a0\" data-element_type=\"widget\" data-e-type=\"widget\" data-widget_type=\"heading.default\">\n\t\t\t\t<div class=\"elementor-widget-container\">\n\t\t\t\t\t<h2 class=\"elementor-heading-title elementor-size-default\">Zahntourismus Gevgelija<\/h2>\t\t\t\t<\/div>\n\t\t\t\t<\/div>\n\t\t\t\t<div class=\"elementor-element elementor-element-4b3ecc4 elementor-widget elementor-widget-text-editor\" data-id=\"4b3ecc4\" data-element_type=\"widget\" data-e-type=\"widget\" data-widget_type=\"text-editor.default\">\n\t\t\t\t<div class=\"elementor-widget-container\">\n\t\t\t\t\t\t\t\t\t<p>Gevgelija ist eine Stadt im S\u00fcdosten Mazedoniens, die sich in den letzten zwei Jahrzehnten zu einem attraktiven Reiseziel f\u00fcr Reise- und Gesundheitstourismus entwickelt hat.<\/p>\n<p>Dank der hohen Qualit\u00e4t der zahn\u00e4rztlichen Leistungen und der erschwinglichen Preise ist Gevgelija zu einem anerkannten Zahnarztzentrum in der Region und dar\u00fcber hinaus geworden.<\/p>\n<p>Heute verf\u00fcgt die Stadt \u00fcber die h\u00f6chste Anzahl an Zahnarztpraxen pro Kopf auf dem Balkan. Hier finden Sie alles von sch\u00f6n eingerichteten kleinen Privatpraxen bis hin zu gro\u00dfen Zahnkliniken. <\/p>\n<p>Sie alle sind tadellos organisiert, \u00e4u\u00dferst freundlich, gebildet und professionell, mit modernster Ausr\u00fcstung ausgestattet, verwenden die modernsten und besten Materialien und f\u00fchren alle Eingriffe im Bereich der allgemeinen und fachspezifischen Zahnmedizin und Gesichts\u00e4sthetik durch.<\/p>\n<p>Leistungen:<\/p>\n<ul>\n<li><strong>Allgemeine Zahnmedizin,<\/strong><\/li>\n<li><strong>\u00c4sthetische Zahnmedizin,<\/strong><\/li>\n<li><strong>Kinder- und Pr\u00e4ventivzahnheilkunde,<\/strong><\/li>\n<li><strong>Prothetik,<\/strong><\/li>\n<li><strong>Kieferorthop\u00e4die,<\/strong><\/li>\n<li><strong>Parodontologie,<\/strong><\/li>\n<li><strong>Oral,<\/strong><\/li>\n<li><strong>Laser,&nbsp;<\/strong><\/li>\n<li><strong>Parodontologie, Chirurgie und Implantologie<\/strong><\/li><li><strong><br><\/strong><\/li>\n<\/ul>\n<p>Mit einem Satz von einfachsten Aufgaben bis hin zu echten \u201ek\u00fcnstlerischen\u201c Werken.<\/p>\n<p>Die Lage, die Infrastruktur und das mediterrane Klima erm\u00f6glichen es Ihnen, die Stadt jederzeit zu erreichen. Dies wird durch den t\u00e4glichen Besuch und die R\u00fcckkehr einer gro\u00dfen Anzahl von Einwohnern aus den Nachbarl\u00e4ndern und dar\u00fcber hinaus best\u00e4tigt. Gevgelija liegt nur 100 km vom Flughafen Mazedonien in Thessaloniki und 170 km vom Flughafen in Skopje entfernt, was einen schnellen Zugang f\u00fcr alle Patienten aus aller Welt erm\u00f6glicht.  <\/p>\n<p>Neben zahn\u00e4rztlichen Leistungen bietet die Stadt verschiedene Rehabilitations-, Pflege- und Gesundheitsleistungen sowie zahlreiche Freizeitangebote.<\/p>\n<p>Nur 3 km von der Stadt entfernt befindet sich ein Rehabilitations- und Physiotherapiezentrum, das \u00fcberall f\u00fcr sein heilendes, mineralhaltiges und warmes Wasser bekannt ist.<\/p>\n<p>Der Berg Kozuf mit seinem hochmodernen Skizentrum eignet sich das ganze Jahr \u00fcber f\u00fcr alle Arten von Bergsport, ist aber auch f\u00fcr alle Jagdbegeisterten ge\u00f6ffnet. An seinen H\u00e4ngen befinden sich verschiedene Bergh\u00fctten und Picknickpl\u00e4tze, von denen der ber\u00fchmteste, Smrdliva Voda, seinen Namen von der Schwefelwasserquelle selbst hat. <\/p>\n<p>Die arch\u00e4ologische St\u00e4tte Vardarski Rid zeugt davon, dass Gevgelija schon vor unserer Zeitrechnung eines der wichtigsten Zentren des antiken Mazedoniens war.<\/p>\n<p>F\u00fcr diejenigen, die etwas mehr suchen, bieten mehrere Casinos mit Weltstandard, verschiedene Restaurants, Caf\u00e9s und Nachtbars, Diskotheken und andere gastronomische Einrichtungen einen aufregenden Aufenthalt und Unterhaltung. Und Sie k\u00f6nnen sich von den langen N\u00e4chten an den Str\u00e4nden des Dojran-Sees oder an der \u00c4g\u00e4is erholen. <\/p>\n<p><strong>Besuchen Sie uns einfach und wir sorgen daf\u00fcr, dass das L\u00e4cheln zu Ihrem Alltag wird.<\/strong><\/p>\t\t\t\t\t\t\t\t<\/div>\n\t\t\t\t<\/div>\n\t\t\t\t\t<\/div>\n\t\t<\/div>\n\t\t\t\t\t<\/div>\n\t\t<\/section>\n\t\t\t\t<section class=\"has-el-gap el-gap-default elementor-section elementor-top-section elementor-element elementor-element-dbcc5a2 elementor-section-boxed elementor-section-height-default elementor-section-height-default\" data-id=\"dbcc5a2\" data-element_type=\"section\" data-e-type=\"section\">\n\t\t\t\t\t\t<div class=\"elementor-container elementor-column-gap-no\">\n\t\t\t\t\t<div class=\"elementor-column elementor-col-100 elementor-top-column elementor-element elementor-element-2c83fe5\" data-id=\"2c83fe5\" data-element_type=\"column\" data-e-type=\"column\">\n\t\t\t<div class=\"elementor-widget-wrap elementor-element-populated\">\n\t\t\t\t\t\t\t<\/div>\n\t\t<\/div>\n\t\t\t\t\t<\/div>\n\t\t<\/section>\n\t\t\t\t<\/div>\n\t\t","protected":false},"excerpt":{"rendered":"<p>Zahntourismus Gevgelija Gevgelija ist eine Stadt im S\u00fcdosten Mazedoniens, die sich in den letzten zwei Jahrzehnten zu einem attraktiven Reiseziel f\u00fcr Reise- und Gesundheitstourismus entwickelt hat. Dank der hohen Qualit\u00e4t der zahn\u00e4rztlichen Leistungen und der erschwinglichen Preise ist Gevgelija zu einem anerkannten Zahnarztzentrum in der Region und dar\u00fcber hinaus geworden. Heute verf\u00fcgt die Stadt \u00fcber<\/p>\n","protected":false},"author":1,"featured_media":0,"parent":0,"menu_order":0,"comment_status":"closed","ping_status":"closed","template":"page-templates\/no-wrapper.php","meta":{"footnotes":""},"class_list":["post-13233","page","type-page","status-publish"],"_links":{"self":[{"href":"https:\/\/gevgelija.biz\/de\/wp-json\/wp\/v2\/pages\/13233","targetHints":{"allow":["GET"]}}],"collection":[{"href":"https:\/\/gevgelija.biz\/de\/wp-json\/wp\/v2\/pages"}],"about":[{"href":"https:\/\/gevgelija.biz\/de\/wp-json\/wp\/v2\/types\/page"}],"author":[{"embeddable":true,"href":"https:\/\/gevgelija.biz\/de\/wp-json\/wp\/v2\/users\/1"}],"replies":[{"embeddable":true,"href":"https:\/\/gevgelija.biz\/de\/wp-json\/wp\/v2\/comments?post=13233"}],"version-history":[{"count":1,"href":"https:\/\/gevgelija.biz\/de\/wp-json\/wp\/v2\/pages\/13233\/revisions"}],"predecessor-version":[{"id":13235,"href":"https:\/\/gevgelija.biz\/de\/wp-json\/wp\/v2\/pages\/13233\/revisions\/13235"}],"wp:attachment":[{"href":"https:\/\/gevgelija.biz\/de\/wp-json\/wp\/v2\/media?parent=13233"}],"curies":[{"name":"wp","href":"https:\/\/api.w.org\/{rel}","templated":true}]}}