{"id":13226,"date":"2024-06-14T17:52:54","date_gmt":"2024-06-14T15:52:54","guid":{"rendered":"https:\/\/gevgelija.biz\/turismo-dentale-gevgelija\/"},"modified":"2025-09-23T01:05:39","modified_gmt":"2025-09-22T23:05:39","slug":"turismo-dentale-gevgelija","status":"publish","type":"page","link":"https:\/\/gevgelija.biz\/it\/turismo-dentale-gevgelija\/","title":{"rendered":"Turismo dentale Gevgelija"},"content":{"rendered":"\t\t<div data-elementor-type=\"wp-page\" data-elementor-id=\"13226\" class=\"elementor elementor-13226 elementor-4389\" data-elementor-post-type=\"page\">\n\t\t\t\t\t\t<section class=\"has-el-gap el-gap-default elementor-section elementor-top-section elementor-element elementor-element-6b3b91e elementor-section-boxed elementor-section-height-default elementor-section-height-default\" data-id=\"6b3b91e\" data-element_type=\"section\" data-e-type=\"section\">\n\t\t\t\t\t\t<div class=\"elementor-container elementor-column-gap-no\">\n\t\t\t\t\t<div class=\"elementor-column elementor-col-100 elementor-top-column elementor-element elementor-element-a3eedd0\" data-id=\"a3eedd0\" data-element_type=\"column\" data-e-type=\"column\">\n\t\t\t<div class=\"elementor-widget-wrap elementor-element-populated\">\n\t\t\t\t\t\t<div class=\"elementor-element elementor-element-d77966d elementor-widget elementor-widget-spacer\" data-id=\"d77966d\" data-element_type=\"widget\" data-e-type=\"widget\" data-widget_type=\"spacer.default\">\n\t\t\t\t<div class=\"elementor-widget-container\">\n\t\t\t\t\t\t\t<div class=\"elementor-spacer\">\n\t\t\t<div class=\"elementor-spacer-inner\"><\/div>\n\t\t<\/div>\n\t\t\t\t\t\t<\/div>\n\t\t\t\t<\/div>\n\t\t\t\t\t<\/div>\n\t\t<\/div>\n\t\t\t\t\t<\/div>\n\t\t<\/section>\n\t\t\t\t<section class=\"has-el-gap el-gap-default elementor-section elementor-top-section elementor-element elementor-element-226c11d elementor-section-boxed elementor-section-height-default elementor-section-height-default\" data-id=\"226c11d\" data-element_type=\"section\" data-e-type=\"section\">\n\t\t\t\t\t\t<div class=\"elementor-container elementor-column-gap-no\">\n\t\t\t\t\t<div class=\"elementor-column elementor-col-100 elementor-top-column elementor-element elementor-element-2b5221b\" data-id=\"2b5221b\" data-element_type=\"column\" data-e-type=\"column\">\n\t\t\t<div class=\"elementor-widget-wrap elementor-element-populated\">\n\t\t\t\t\t\t<div class=\"elementor-element elementor-element-43d55a0 elementor-widget elementor-widget-heading\" data-id=\"43d55a0\" data-element_type=\"widget\" data-e-type=\"widget\" data-widget_type=\"heading.default\">\n\t\t\t\t<div class=\"elementor-widget-container\">\n\t\t\t\t\t<h2 class=\"elementor-heading-title elementor-size-default\">Turismo dentale Gevgelija<\/h2>\t\t\t\t<\/div>\n\t\t\t\t<\/div>\n\t\t\t\t<div class=\"elementor-element elementor-element-4b3ecc4 elementor-widget elementor-widget-text-editor\" data-id=\"4b3ecc4\" data-element_type=\"widget\" data-e-type=\"widget\" data-widget_type=\"text-editor.default\">\n\t\t\t\t<div class=\"elementor-widget-container\">\n\t\t\t\t\t\t\t\t\t<p>Gevgelija \u00e8 una citt\u00e0 nella parte sud-orientale della Macedonia, che negli ultimi due decenni \u00e8 diventata una meta attraente per il turismo turistico e sanitario.<\/p>\n<p>Grazie all&#8217;elevata qualit\u00e0 dei servizi odontoiatrici e ai prezzi accessibili, Gevgelija \u00e8 diventato un centro dentistico rinomato nella zona e non solo.<\/p>\n<p>Oggi, la citt\u00e0 vanta il pi\u00f9 alto numero di studi dentistici pro capite nei Balcani. Qui si pu\u00f2 trovare di tutto, dai piccoli studi privati \u200b\u200belegantemente arredati alle grandi cliniche odontoiatriche. <\/p>\n<p>Sono tutti impeccabilmente organizzati, estremamente gentili, istruiti e professionali, dotati delle attrezzature pi\u00f9 moderne, utilizzano i materiali pi\u00f9 moderni e migliori ed eseguono tutti gli interventi nel campo dell&#8217;odontoiatria generale e specialistica e dell&#8217;estetica facciale.<\/p>\n<p>Servizi:<\/p>\n<ul>\n<li><strong>Odontoiatria generale,<\/strong><\/li>\n<li><strong>Odontoiatria estetica,<\/strong><\/li>\n<li><strong>Odontoiatria pediatrica e preventiva,<\/strong><\/li>\n<li><strong>Protesi,<\/strong><\/li>\n<li><strong>Ortodonzia,<\/strong><\/li>\n<li><strong>Parodontologia,<\/strong><\/li>\n<li><strong>Orale,<\/strong><\/li>\n<li><strong>Laser,&nbsp;<\/strong><\/li>\n<li><strong>Parodontologia, Chirurgia e Implantologia<\/strong><\/li><li><strong><br><\/strong><\/li>\n<\/ul>\n<p>Con una sola frase, dai compiti pi\u00f9 semplici alle vere e proprie opere &#8220;artistiche&#8221;.<\/p>\n<p>La posizione, le infrastrutture e il clima mediterraneo consentono di raggiungere la citt\u00e0 in qualsiasi momento. Ci\u00f2 \u00e8 confermato dal gran numero di visitatori giornalieri provenienti dai paesi limitrofi e da oltreoceano. Gevgelija si trova a soli 100 km dall&#8217;aeroporto di Salonicco-Macedonia e a 170 km dall&#8217;aeroporto di Skopje, il che consente un rapido accesso a tutti i pazienti provenienti da tutto il mondo.  <\/p>\n<p>Oltre ai servizi odontoiatrici, la citt\u00e0 offre vari tipi di servizi di riabilitazione, assistenza e salute, nonch\u00e9 numerose attrazioni ricreative.<\/p>\n<p>A soli 3 km dalla citt\u00e0 si trova un centro di riabilitazione e fisioterapia, famoso in tutto il mondo per le sue acque curative, minerali e calde.<\/p>\n<p>Il monte Kozuf, con il suo centro sciistico all&#8217;avanguardia, \u00e8 adatto a tutti i tipi di attivit\u00e0 ricreative in montagna durante tutto l&#8217;anno, ma \u00e8 aperto anche a tutti gli amanti della caccia. Lungo i suoi pendii si trovano diversi rifugi alpini e aree picnic, il pi\u00f9 famoso dei quali, Smrdliva Voda, prende il nome dalla sorgente di acqua sulfurea. <\/p>\n<p>Il sito archeologico di Vardarski Rid testimonia che Gevgelija era uno dei centri principali dell&#8217;antica Macedonia gi\u00e0 prima della nostra era.<\/p>\n<p>Per chi cerca qualcosa di pi\u00f9, diversi casin\u00f2 con tutti gli standard mondiali, vari ristoranti, caff\u00e8 e locali notturni, discoteche e altri servizi di ristorazione offrono un soggiorno emozionante e divertente. E potrete trascorrere il riposo dalle lunghe notti sulle spiagge del Lago Dojran o sul Mar Egeo. <\/p>\n<p><strong>Tutto quello che devi fare \u00e8 venirci a trovare e noi faremo in modo che il sorriso diventi la tua vita quotidiana.<\/strong><\/p>\t\t\t\t\t\t\t\t<\/div>\n\t\t\t\t<\/div>\n\t\t\t\t\t<\/div>\n\t\t<\/div>\n\t\t\t\t\t<\/div>\n\t\t<\/section>\n\t\t\t\t<section class=\"has-el-gap el-gap-default elementor-section elementor-top-section elementor-element elementor-element-dbcc5a2 elementor-section-boxed elementor-section-height-default elementor-section-height-default\" data-id=\"dbcc5a2\" data-element_type=\"section\" data-e-type=\"section\">\n\t\t\t\t\t\t<div class=\"elementor-container elementor-column-gap-no\">\n\t\t\t\t\t<div class=\"elementor-column elementor-col-100 elementor-top-column elementor-element elementor-element-2c83fe5\" data-id=\"2c83fe5\" data-element_type=\"column\" data-e-type=\"column\">\n\t\t\t<div class=\"elementor-widget-wrap elementor-element-populated\">\n\t\t\t\t\t\t\t<\/div>\n\t\t<\/div>\n\t\t\t\t\t<\/div>\n\t\t<\/section>\n\t\t\t\t<\/div>\n\t\t","protected":false},"excerpt":{"rendered":"<p>Turismo dentale Gevgelija Gevgelija \u00e8 una citt\u00e0 nella parte sud-orientale della Macedonia, che negli ultimi due decenni \u00e8 diventata una meta attraente per il turismo turistico e sanitario. Grazie all&#8217;elevata qualit\u00e0 dei servizi odontoiatrici e ai prezzi accessibili, Gevgelija \u00e8 diventato un centro dentistico rinomato nella zona e non solo. Oggi, la citt\u00e0 vanta il<\/p>\n","protected":false},"author":1,"featured_media":0,"parent":0,"menu_order":0,"comment_status":"closed","ping_status":"closed","template":"page-templates\/no-wrapper.php","meta":{"footnotes":""},"class_list":["post-13226","page","type-page","status-publish"],"_links":{"self":[{"href":"https:\/\/gevgelija.biz\/it\/wp-json\/wp\/v2\/pages\/13226","targetHints":{"allow":["GET"]}}],"collection":[{"href":"https:\/\/gevgelija.biz\/it\/wp-json\/wp\/v2\/pages"}],"about":[{"href":"https:\/\/gevgelija.biz\/it\/wp-json\/wp\/v2\/types\/page"}],"author":[{"embeddable":true,"href":"https:\/\/gevgelija.biz\/it\/wp-json\/wp\/v2\/users\/1"}],"replies":[{"embeddable":true,"href":"https:\/\/gevgelija.biz\/it\/wp-json\/wp\/v2\/comments?post=13226"}],"version-history":[{"count":1,"href":"https:\/\/gevgelija.biz\/it\/wp-json\/wp\/v2\/pages\/13226\/revisions"}],"predecessor-version":[{"id":13228,"href":"https:\/\/gevgelija.biz\/it\/wp-json\/wp\/v2\/pages\/13226\/revisions\/13228"}],"wp:attachment":[{"href":"https:\/\/gevgelija.biz\/it\/wp-json\/wp\/v2\/media?parent=13226"}],"curies":[{"name":"wp","href":"https:\/\/api.w.org\/{rel}","templated":true}]}}