{"id":9603,"date":"2024-05-26T14:00:57","date_gmt":"2024-05-26T12:00:57","guid":{"rendered":"https:\/\/gevgelija.biz\/parolanizi-mi-unuttunuz\/"},"modified":"2024-05-26T14:00:57","modified_gmt":"2024-05-26T12:00:57","slug":"parolanizi-mi-unuttunuz","status":"publish","type":"page","link":"https:\/\/gevgelija.biz\/tr\/parolanizi-mi-unuttunuz\/","title":{"rendered":"Parolan\u0131z\u0131 m\u0131 unuttunuz?"},"content":{"rendered":"<p>[uwp_forgot]<\/p>\n","protected":false},"excerpt":{"rendered":"<p>[uwp_forgot]<\/p>\n","protected":false},"author":1,"featured_media":0,"parent":0,"menu_order":0,"comment_status":"closed","ping_status":"closed","template":"","meta":{"footnotes":""},"class_list":["post-9603","page","type-page","status-publish"],"_links":{"self":[{"href":"https:\/\/gevgelija.biz\/tr\/wp-json\/wp\/v2\/pages\/9603","targetHints":{"allow":["GET"]}}],"collection":[{"href":"https:\/\/gevgelija.biz\/tr\/wp-json\/wp\/v2\/pages"}],"about":[{"href":"https:\/\/gevgelija.biz\/tr\/wp-json\/wp\/v2\/types\/page"}],"author":[{"embeddable":true,"href":"https:\/\/gevgelija.biz\/tr\/wp-json\/wp\/v2\/users\/1"}],"replies":[{"embeddable":true,"href":"https:\/\/gevgelija.biz\/tr\/wp-json\/wp\/v2\/comments?post=9603"}],"version-history":[{"count":0,"href":"https:\/\/gevgelija.biz\/tr\/wp-json\/wp\/v2\/pages\/9603\/revisions"}],"wp:attachment":[{"href":"https:\/\/gevgelija.biz\/tr\/wp-json\/wp\/v2\/media?parent=9603"}],"curies":[{"name":"wp","href":"https:\/\/api.w.org\/{rel}","templated":true}]}}