{"id":9700,"date":"2025-05-29T14:34:59","date_gmt":"2025-05-29T12:34:59","guid":{"rendered":"https:\/\/gevgelija.biz\/televizyon-nova-12-muzik-kanali\/"},"modified":"2025-07-07T19:01:09","modified_gmt":"2025-07-07T17:01:09","slug":"televizyon-nova-12-muzik-kanali","status":"publish","type":"page","link":"https:\/\/gevgelija.biz\/tr\/televizyon-nova-12-muzik-kanali\/","title":{"rendered":"Televizyon NOVA 12 &#8211; M\u00fczik Kanal\u0131"},"content":{"rendered":"\n<!-- Video.js CSS -->\n<link href=\"https:\/\/vjs.zencdn.net\/8.10.0\/video-js.css\" rel=\"stylesheet\"\/>\n\n<!-- Responsive Video Container -->\n<style>\n  .video-wrapper-music {\n    position: relative;\n    padding-top: 56.25%; \/* 16:9 Aspect Ratio *\/\n    width: 100%;\n    max-width: 100%;\n    overflow: hidden;\n  }\n\n  .video-wrapper-music video,\n  .video-wrapper-music .video-js {\n    position: absolute;\n    top: 0;\n    left: 0;\n    width: 100% !important;\n    height: 100% !important;\n  }\n<\/style>\n\n<!-- Video Player -->\n<div class=\"video-wrapper-music\">\n  <video id=\"music-video\" class=\"video-js vjs-default-skin\" controls=\"\" autoplay=\"\" playsinline=\"\" preload=\"auto\" data-setup=\"{}\">\n    <source src=\"https:\/\/novastreaming.cloudns.info\/nova12_music\/index.m3u8\" type=\"application\/x-mpegURL\"\/>\n  Taray\u0131c\u0131n\u0131z videoyu desteklemiyor.\n  <\/video>\n<\/div>\n\n<!-- Video.js Script -->\n<script src=\"https:\/\/vjs.zencdn.net\/8.10.0\/video.min.js\"><\/script>\n\n<p><\/p>\n","protected":false},"excerpt":{"rendered":"<p>Taray\u0131c\u0131n\u0131z videoyu desteklemiyor.<\/p>\n","protected":false},"author":1,"featured_media":0,"parent":0,"menu_order":0,"comment_status":"closed","ping_status":"closed","template":"","meta":{"footnotes":""},"class_list":["post-9700","page","type-page","status-publish"],"_links":{"self":[{"href":"https:\/\/gevgelija.biz\/tr\/wp-json\/wp\/v2\/pages\/9700","targetHints":{"allow":["GET"]}}],"collection":[{"href":"https:\/\/gevgelija.biz\/tr\/wp-json\/wp\/v2\/pages"}],"about":[{"href":"https:\/\/gevgelija.biz\/tr\/wp-json\/wp\/v2\/types\/page"}],"author":[{"embeddable":true,"href":"https:\/\/gevgelija.biz\/tr\/wp-json\/wp\/v2\/users\/1"}],"replies":[{"embeddable":true,"href":"https:\/\/gevgelija.biz\/tr\/wp-json\/wp\/v2\/comments?post=9700"}],"version-history":[{"count":1,"href":"https:\/\/gevgelija.biz\/tr\/wp-json\/wp\/v2\/pages\/9700\/revisions"}],"predecessor-version":[{"id":9702,"href":"https:\/\/gevgelija.biz\/tr\/wp-json\/wp\/v2\/pages\/9700\/revisions\/9702"}],"wp:attachment":[{"href":"https:\/\/gevgelija.biz\/tr\/wp-json\/wp\/v2\/media?parent=9700"}],"curies":[{"name":"wp","href":"https:\/\/api.w.org\/{rel}","templated":true}]}}