{"id":9704,"date":"2025-01-13T17:46:22","date_gmt":"2025-01-13T15:46:22","guid":{"rendered":"https:\/\/gevgelija.biz\/sepet\/"},"modified":"2025-07-07T19:01:12","modified_gmt":"2025-07-07T17:01:12","slug":"sepet","status":"publish","type":"page","link":"https:\/\/gevgelija.biz\/tr\/sepet\/","title":{"rendered":"Sepet"},"content":{"rendered":"\n<div data-block-name=\"woocommerce\/cart\" class=\"wp-block-woocommerce-cart alignwide is-loading\">\n<div data-block-name=\"woocommerce\/filled-cart-block\" class=\"wp-block-woocommerce-filled-cart-block\">\n<div data-block-name=\"woocommerce\/cart-items-block\" class=\"wp-block-woocommerce-cart-items-block\">\n<div data-block-name=\"woocommerce\/cart-line-items-block\" class=\"wp-block-woocommerce-cart-line-items-block\"><\/div>\n\n\n\n<div data-block-name=\"woocommerce\/cart-cross-sells-block\" class=\"wp-block-woocommerce-cart-cross-sells-block\">\n<h2 class=\"wp-block-heading has-large-font-size\">\u0130lginizi \u00e7ekebilir\u2026<\/h2>\n\n\n\n<div data-block-name=\"woocommerce\/cart-cross-sells-products-block\" class=\"wp-block-woocommerce-cart-cross-sells-products-block\"><\/div>\n<\/div>\n<\/div>\n\n\n\n<div data-block-name=\"woocommerce\/cart-totals-block\" class=\"wp-block-woocommerce-cart-totals-block\">\n<div data-block-name=\"woocommerce\/cart-order-summary-block\" class=\"wp-block-woocommerce-cart-order-summary-block\">\n<div data-block-name=\"woocommerce\/cart-order-summary-heading-block\" class=\"wp-block-woocommerce-cart-order-summary-heading-block\"><\/div><div data-block-name=\"woocommerce\/cart-order-summary-coupon-form-block\" class=\"wp-block-woocommerce-cart-order-summary-coupon-form-block\"><\/div><div data-block-name=\"woocommerce\/cart-order-summary-totals-block\" class=\"wp-block-woocommerce-cart-order-summary-totals-block\">\n<div data-block-name=\"woocommerce\/cart-order-summary-subtotal-block\" class=\"wp-block-woocommerce-cart-order-summary-subtotal-block\"><\/div>\n<div data-block-name=\"woocommerce\/cart-order-summary-discount-block\" class=\"wp-block-woocommerce-cart-order-summary-discount-block\"><\/div>\n<div data-block-name=\"woocommerce\/cart-order-summary-fee-block\" class=\"wp-block-woocommerce-cart-order-summary-fee-block\"><\/div>\n<div data-block-name=\"woocommerce\/cart-order-summary-shipping-block\" class=\"wp-block-woocommerce-cart-order-summary-shipping-block\"><\/div>\n<div data-block-name=\"woocommerce\/cart-order-summary-taxes-block\" class=\"wp-block-woocommerce-cart-order-summary-taxes-block\"><\/div><\/div>\n<\/div>\n\n\n\n<div data-block-name=\"woocommerce\/cart-express-payment-block\" class=\"wp-block-woocommerce-cart-express-payment-block\"><\/div>\n\n\n\n<div data-block-name=\"woocommerce\/proceed-to-checkout-block\" class=\"wp-block-woocommerce-proceed-to-checkout-block\"><\/div>\n\n\n\n<div data-block-name=\"woocommerce\/cart-accepted-payment-methods-block\" class=\"wp-block-woocommerce-cart-accepted-payment-methods-block\"><\/div>\n<\/div>\n<\/div>\n\n\n\n<div data-block-name=\"woocommerce\/empty-cart-block\" class=\"wp-block-woocommerce-empty-cart-block\">\n<h2 class=\"wp-block-heading has-text-align-center with-empty-cart-icon wc-block-cart__empty-cart__title\">Sepetiniz \u015fu anda bo\u015f!<\/h2>\n\n\n\n<hr class=\"wp-block-separator has-alpha-channel-opacity is-style-dots\"\/>\n\n\n\n<h2 class=\"wp-block-heading has-text-align-center\">Ma\u011fazada yeni<\/h2>\n\n\n<div data-block-name=\"woocommerce\/product-new\" data-columns=\"4\" data-rows=\"1\" class=\"wc-block-grid wp-block-product-new wp-block-woocommerce-product-new wc-block-product-new has-4-columns\"><ul class=\"wc-block-grid__products\"><li class=\"wc-block-grid__product\">\n\t\t\t\t<a href=\"https:\/\/gevgelija.biz\/tr\/\u043f\u0440\u043e\u0434\u0430\u0432\u043d\u0438\u0446\u0430\/fresh-store\/ranec-spirit-kinder-football\/\" class=\"wc-block-grid__product-link\">\n\t\t\t\t\t<div class=\"wc-block-grid__product-onsale\">\n\t\t\t<span aria-hidden=\"true\">\u0130ndirim<\/span>\n\t\t\t<span class=\"screen-reader-text\">\u0130ndirimdeki \u00fcr\u00fcn<\/span>\n\t\t<\/div>\n\t\t\t\t\t<div class=\"wc-block-grid__product-image\"><img fetchpriority=\"high\" decoding=\"async\" width=\"300\" height=\"300\" src=\"https:\/\/gevgelija.biz\/wp-content\/uploads\/2025\/08\/ranec.gevgelia.fresh15.1-300x300.webp\" class=\"attachment-woocommerce_thumbnail size-woocommerce_thumbnail\" alt=\"\u0420\u0430\u043d\u0435\u0446 &quot;Spirit Kinder Football&quot;\" srcset=\"https:\/\/gevgelija.biz\/wp-content\/uploads\/2025\/08\/ranec.gevgelia.fresh15.1-300x300.webp 300w, https:\/\/gevgelija.biz\/wp-content\/uploads\/2025\/08\/ranec.gevgelia.fresh15.1-150x150.webp 150w, https:\/\/gevgelija.biz\/wp-content\/uploads\/2025\/08\/ranec.gevgelia.fresh15.1-336x336.webp 336w\" sizes=\"(max-width: 300px) 100vw, 300px\" \/><\/div>\n\t\t\t\t\t<div class=\"wc-block-grid__product-title\">\u0420\u0430\u043d\u0435\u0446 &#8220;Spirit Kinder Football&#8221;<\/div>\n\t\t\t\t<\/a>\n\t\t\t\t<div class=\"wc-block-grid__product-price price\"><del aria-hidden=\"true\"><span class=\"woocommerce-Price-amount amount\">1.700,00&nbsp;<span class=\"woocommerce-Price-currencySymbol\">&#x434;&#x435;&#x43d;<\/span><\/span><\/del> <span class=\"screen-reader-text\">Orijinal fiyat: 1.700,00&nbsp;&#x434;&#x435;&#x43d;.<\/span><ins aria-hidden=\"true\"><span class=\"woocommerce-Price-amount amount\">1.445,00&nbsp;<span class=\"woocommerce-Price-currencySymbol\">&#x434;&#x435;&#x43d;<\/span><\/span><\/ins><span class=\"screen-reader-text\">\u015eu andaki fiyat: 1.445,00&nbsp;&#x434;&#x435;&#x43d;.<\/span><\/div>\n\t\t\t\t\n\t\t\t\t<div class=\"wp-block-button wc-block-grid__product-add-to-cart\"><a href=\"\/tr\/wp-json\/wp\/v2\/pages\/9704?add-to-cart=11757\" aria-label=\"Sepete ekle: \u201c\u0420\u0430\u043d\u0435\u0446 &quot;Spirit Kinder Football&quot;\u201d\" data-quantity=\"1\" data-product_id=\"11757\" data-product_sku=\"\" data-price=\"1445\" rel=\"nofollow\" class=\"wp-block-button__link  add_to_cart_button ajax_add_to_cart\">Sepete Ekle<\/a><\/div>\n\t\t\t<\/li><li class=\"wc-block-grid__product\">\n\t\t\t\t<a href=\"https:\/\/gevgelija.biz\/tr\/\u043f\u0440\u043e\u0434\u0430\u0432\u043d\u0438\u0446\u0430\/uncategorized-2\/ranec-pulse-sweety\/\" class=\"wc-block-grid__product-link\">\n\t\t\t\t\t<div class=\"wc-block-grid__product-onsale\">\n\t\t\t<span aria-hidden=\"true\">\u0130ndirim<\/span>\n\t\t\t<span class=\"screen-reader-text\">\u0130ndirimdeki \u00fcr\u00fcn<\/span>\n\t\t<\/div>\n\t\t\t\t\t<div class=\"wc-block-grid__product-image\"><img decoding=\"async\" width=\"300\" height=\"300\" data-src=\"https:\/\/gevgelija.biz\/wp-content\/uploads\/2025\/08\/ranec.gevgelia.fresh14.1-300x300.webp\" class=\"attachment-woocommerce_thumbnail size-woocommerce_thumbnail lazyload\" alt=\"\u0420\u0430\u043d\u0435\u0446 &quot; Pulse Sweety&quot;\" data-srcset=\"https:\/\/gevgelija.biz\/wp-content\/uploads\/2025\/08\/ranec.gevgelia.fresh14.1-300x300.webp 300w, https:\/\/gevgelija.biz\/wp-content\/uploads\/2025\/08\/ranec.gevgelia.fresh14.1-150x150.webp 150w, https:\/\/gevgelija.biz\/wp-content\/uploads\/2025\/08\/ranec.gevgelia.fresh14.1-336x336.webp 336w\" data-sizes=\"(max-width: 300px) 100vw, 300px\" src=\"data:image\/svg+xml;base64,PHN2ZyB3aWR0aD0iMSIgaGVpZ2h0PSIxIiB4bWxucz0iaHR0cDovL3d3dy53My5vcmcvMjAwMC9zdmciPjwvc3ZnPg==\" style=\"--smush-placeholder-width: 300px; --smush-placeholder-aspect-ratio: 300\/300;\" \/><\/div>\n\t\t\t\t\t<div class=\"wc-block-grid__product-title\">\u0420\u0430\u043d\u0435\u0446 &#8221; Pulse Sweety&#8221;<\/div>\n\t\t\t\t<\/a>\n\t\t\t\t<div class=\"wc-block-grid__product-price price\"><del aria-hidden=\"true\"><span class=\"woocommerce-Price-amount amount\">2.000,00&nbsp;<span class=\"woocommerce-Price-currencySymbol\">&#x434;&#x435;&#x43d;<\/span><\/span><\/del> <span class=\"screen-reader-text\">Orijinal fiyat: 2.000,00&nbsp;&#x434;&#x435;&#x43d;.<\/span><ins aria-hidden=\"true\"><span class=\"woocommerce-Price-amount amount\">1.700,00&nbsp;<span class=\"woocommerce-Price-currencySymbol\">&#x434;&#x435;&#x43d;<\/span><\/span><\/ins><span class=\"screen-reader-text\">\u015eu andaki fiyat: 1.700,00&nbsp;&#x434;&#x435;&#x43d;.<\/span><\/div>\n\t\t\t\t\n\t\t\t\t<div class=\"wp-block-button wc-block-grid__product-add-to-cart\"><a href=\"\/tr\/wp-json\/wp\/v2\/pages\/9704?add-to-cart=11665\" aria-label=\"Sepete ekle: \u201c\u0420\u0430\u043d\u0435\u0446 &quot; Pulse Sweety&quot;\u201d\" data-quantity=\"1\" data-product_id=\"11665\" data-product_sku=\"\" data-price=\"1700\" rel=\"nofollow\" class=\"wp-block-button__link  add_to_cart_button ajax_add_to_cart\">Sepete Ekle<\/a><\/div>\n\t\t\t<\/li><li class=\"wc-block-grid__product\">\n\t\t\t\t<a href=\"https:\/\/gevgelija.biz\/tr\/\u043f\u0440\u043e\u0434\u0430\u0432\u043d\u0438\u0446\u0430\/uncategorized-2\/ranec-pulse-rabbit\/\" class=\"wc-block-grid__product-link\">\n\t\t\t\t\t<div class=\"wc-block-grid__product-onsale\">\n\t\t\t<span aria-hidden=\"true\">\u0130ndirim<\/span>\n\t\t\t<span class=\"screen-reader-text\">\u0130ndirimdeki \u00fcr\u00fcn<\/span>\n\t\t<\/div>\n\t\t\t\t\t<div class=\"wc-block-grid__product-image\"><img decoding=\"async\" width=\"300\" height=\"300\" data-src=\"https:\/\/gevgelija.biz\/wp-content\/uploads\/2025\/08\/ranec.gevgelia.fresh13.1-300x300.webp\" class=\"attachment-woocommerce_thumbnail size-woocommerce_thumbnail lazyload\" alt=\"\u0420\u0430\u043d\u0435\u0446 &quot;Pulse Rabbit&quot;\" data-srcset=\"https:\/\/gevgelija.biz\/wp-content\/uploads\/2025\/08\/ranec.gevgelia.fresh13.1-300x300.webp 300w, https:\/\/gevgelija.biz\/wp-content\/uploads\/2025\/08\/ranec.gevgelia.fresh13.1-150x150.webp 150w, https:\/\/gevgelija.biz\/wp-content\/uploads\/2025\/08\/ranec.gevgelia.fresh13.1-336x336.webp 336w\" data-sizes=\"(max-width: 300px) 100vw, 300px\" src=\"data:image\/svg+xml;base64,PHN2ZyB3aWR0aD0iMSIgaGVpZ2h0PSIxIiB4bWxucz0iaHR0cDovL3d3dy53My5vcmcvMjAwMC9zdmciPjwvc3ZnPg==\" style=\"--smush-placeholder-width: 300px; --smush-placeholder-aspect-ratio: 300\/300;\" \/><\/div>\n\t\t\t\t\t<div class=\"wc-block-grid__product-title\">\u0420\u0430\u043d\u0435\u0446 &#8220;Pulse Rabbit&#8221;<\/div>\n\t\t\t\t<\/a>\n\t\t\t\t<div class=\"wc-block-grid__product-price price\"><del aria-hidden=\"true\"><span class=\"woocommerce-Price-amount amount\">2.000,00&nbsp;<span class=\"woocommerce-Price-currencySymbol\">&#x434;&#x435;&#x43d;<\/span><\/span><\/del> <span class=\"screen-reader-text\">Orijinal fiyat: 2.000,00&nbsp;&#x434;&#x435;&#x43d;.<\/span><ins aria-hidden=\"true\"><span class=\"woocommerce-Price-amount amount\">1.785,00&nbsp;<span class=\"woocommerce-Price-currencySymbol\">&#x434;&#x435;&#x43d;<\/span><\/span><\/ins><span class=\"screen-reader-text\">\u015eu andaki fiyat: 1.785,00&nbsp;&#x434;&#x435;&#x43d;.<\/span><\/div>\n\t\t\t\t\n\t\t\t\t<div class=\"wp-block-button wc-block-grid__product-add-to-cart\"><a href=\"\/tr\/wp-json\/wp\/v2\/pages\/9704?add-to-cart=11664\" aria-label=\"Sepete ekle: \u201c\u0420\u0430\u043d\u0435\u0446 &quot;Pulse Rabbit&quot;\u201d\" data-quantity=\"1\" data-product_id=\"11664\" data-product_sku=\"\" data-price=\"1785\" rel=\"nofollow\" class=\"wp-block-button__link  add_to_cart_button ajax_add_to_cart\">Sepete Ekle<\/a><\/div>\n\t\t\t<\/li><li class=\"wc-block-grid__product\">\n\t\t\t\t<a href=\"https:\/\/gevgelija.biz\/tr\/\u043f\u0440\u043e\u0434\u0430\u0432\u043d\u0438\u0446\u0430\/uncategorized-2\/ranec-pulse-united\/\" class=\"wc-block-grid__product-link\">\n\t\t\t\t\t<div class=\"wc-block-grid__product-onsale\">\n\t\t\t<span aria-hidden=\"true\">\u0130ndirim<\/span>\n\t\t\t<span class=\"screen-reader-text\">\u0130ndirimdeki \u00fcr\u00fcn<\/span>\n\t\t<\/div>\n\t\t\t\t\t<div class=\"wc-block-grid__product-image\"><img decoding=\"async\" width=\"300\" height=\"300\" data-src=\"https:\/\/gevgelija.biz\/wp-content\/uploads\/2025\/08\/ranec.gevgelia.fresh12.1-300x300.webp\" class=\"attachment-woocommerce_thumbnail size-woocommerce_thumbnail lazyload\" alt=\"\u0420\u0430\u043d\u0435\u0446 &quot;Pulse United&quot;\" data-srcset=\"https:\/\/gevgelija.biz\/wp-content\/uploads\/2025\/08\/ranec.gevgelia.fresh12.1-300x300.webp 300w, https:\/\/gevgelija.biz\/wp-content\/uploads\/2025\/08\/ranec.gevgelia.fresh12.1-150x150.webp 150w, https:\/\/gevgelija.biz\/wp-content\/uploads\/2025\/08\/ranec.gevgelia.fresh12.1-336x336.webp 336w\" data-sizes=\"(max-width: 300px) 100vw, 300px\" src=\"data:image\/svg+xml;base64,PHN2ZyB3aWR0aD0iMSIgaGVpZ2h0PSIxIiB4bWxucz0iaHR0cDovL3d3dy53My5vcmcvMjAwMC9zdmciPjwvc3ZnPg==\" style=\"--smush-placeholder-width: 300px; --smush-placeholder-aspect-ratio: 300\/300;\" \/><\/div>\n\t\t\t\t\t<div class=\"wc-block-grid__product-title\">\u0420\u0430\u043d\u0435\u0446 &#8220;Pulse United&#8221;<\/div>\n\t\t\t\t<\/a>\n\t\t\t\t<div class=\"wc-block-grid__product-price price\"><del aria-hidden=\"true\"><span class=\"woocommerce-Price-amount amount\">1.700,00&nbsp;<span class=\"woocommerce-Price-currencySymbol\">&#x434;&#x435;&#x43d;<\/span><\/span><\/del> <span class=\"screen-reader-text\">Orijinal fiyat: 1.700,00&nbsp;&#x434;&#x435;&#x43d;.<\/span><ins aria-hidden=\"true\"><span class=\"woocommerce-Price-amount amount\">1.445,00&nbsp;<span class=\"woocommerce-Price-currencySymbol\">&#x434;&#x435;&#x43d;<\/span><\/span><\/ins><span class=\"screen-reader-text\">\u015eu andaki fiyat: 1.445,00&nbsp;&#x434;&#x435;&#x43d;.<\/span><\/div>\n\t\t\t\t\n\t\t\t\t<div class=\"wp-block-button wc-block-grid__product-add-to-cart\"><a href=\"\/tr\/wp-json\/wp\/v2\/pages\/9704?add-to-cart=11663\" aria-label=\"Sepete ekle: \u201c\u0420\u0430\u043d\u0435\u0446 &quot;Pulse United&quot;\u201d\" data-quantity=\"1\" data-product_id=\"11663\" data-product_sku=\"\" data-price=\"1445\" rel=\"nofollow\" class=\"wp-block-button__link  add_to_cart_button ajax_add_to_cart\">Sepete Ekle<\/a><\/div>\n\t\t\t<\/li><\/ul><\/div><\/div>\n<\/div>\n","protected":false},"excerpt":{"rendered":"","protected":false},"author":1,"featured_media":0,"parent":0,"menu_order":0,"comment_status":"closed","ping_status":"closed","template":"","meta":{"footnotes":""},"class_list":["post-9704","page","type-page","status-publish"],"_links":{"self":[{"href":"https:\/\/gevgelija.biz\/tr\/wp-json\/wp\/v2\/pages\/9704","targetHints":{"allow":["GET"]}}],"collection":[{"href":"https:\/\/gevgelija.biz\/tr\/wp-json\/wp\/v2\/pages"}],"about":[{"href":"https:\/\/gevgelija.biz\/tr\/wp-json\/wp\/v2\/types\/page"}],"author":[{"embeddable":true,"href":"https:\/\/gevgelija.biz\/tr\/wp-json\/wp\/v2\/users\/1"}],"replies":[{"embeddable":true,"href":"https:\/\/gevgelija.biz\/tr\/wp-json\/wp\/v2\/comments?post=9704"}],"version-history":[{"count":1,"href":"https:\/\/gevgelija.biz\/tr\/wp-json\/wp\/v2\/pages\/9704\/revisions"}],"predecessor-version":[{"id":9707,"href":"https:\/\/gevgelija.biz\/tr\/wp-json\/wp\/v2\/pages\/9704\/revisions\/9707"}],"wp:attachment":[{"href":"https:\/\/gevgelija.biz\/tr\/wp-json\/wp\/v2\/media?parent=9704"}],"curies":[{"name":"wp","href":"https:\/\/api.w.org\/{rel}","templated":true}]}}