{"id":9732,"date":"2024-06-14T17:52:54","date_gmt":"2024-06-14T15:52:54","guid":{"rendered":"https:\/\/gevgelija.biz\/dis-turizmi-gevgelija\/"},"modified":"2025-09-23T01:05:50","modified_gmt":"2025-09-22T23:05:50","slug":"dis-turizmi-gevgelija","status":"publish","type":"page","link":"https:\/\/gevgelija.biz\/tr\/dis-turizmi-gevgelija\/","title":{"rendered":"Di\u015f Turizmi Gevgelija"},"content":{"rendered":"\t\t<div data-elementor-type=\"wp-page\" data-elementor-id=\"9732\" class=\"elementor elementor-9732 elementor-4389\" data-elementor-post-type=\"page\">\n\t\t\t\t\t\t<section class=\"has-el-gap el-gap-default elementor-section elementor-top-section elementor-element elementor-element-6b3b91e elementor-section-boxed elementor-section-height-default elementor-section-height-default\" data-id=\"6b3b91e\" data-element_type=\"section\" data-e-type=\"section\">\n\t\t\t\t\t\t<div class=\"elementor-container elementor-column-gap-no\">\n\t\t\t\t\t<div class=\"elementor-column elementor-col-100 elementor-top-column elementor-element elementor-element-a3eedd0\" data-id=\"a3eedd0\" data-element_type=\"column\" data-e-type=\"column\">\n\t\t\t<div class=\"elementor-widget-wrap elementor-element-populated\">\n\t\t\t\t\t\t<div class=\"elementor-element elementor-element-d77966d elementor-widget elementor-widget-spacer\" data-id=\"d77966d\" data-element_type=\"widget\" data-e-type=\"widget\" data-widget_type=\"spacer.default\">\n\t\t\t\t<div class=\"elementor-widget-container\">\n\t\t\t\t\t\t\t<div class=\"elementor-spacer\">\n\t\t\t<div class=\"elementor-spacer-inner\"><\/div>\n\t\t<\/div>\n\t\t\t\t\t\t<\/div>\n\t\t\t\t<\/div>\n\t\t\t\t\t<\/div>\n\t\t<\/div>\n\t\t\t\t\t<\/div>\n\t\t<\/section>\n\t\t\t\t<section class=\"has-el-gap el-gap-default elementor-section elementor-top-section elementor-element elementor-element-226c11d elementor-section-boxed elementor-section-height-default elementor-section-height-default\" data-id=\"226c11d\" data-element_type=\"section\" data-e-type=\"section\">\n\t\t\t\t\t\t<div class=\"elementor-container elementor-column-gap-no\">\n\t\t\t\t\t<div class=\"elementor-column elementor-col-100 elementor-top-column elementor-element elementor-element-2b5221b\" data-id=\"2b5221b\" data-element_type=\"column\" data-e-type=\"column\">\n\t\t\t<div class=\"elementor-widget-wrap elementor-element-populated\">\n\t\t\t\t\t\t<div class=\"elementor-element elementor-element-43d55a0 elementor-widget elementor-widget-heading\" data-id=\"43d55a0\" data-element_type=\"widget\" data-e-type=\"widget\" data-widget_type=\"heading.default\">\n\t\t\t\t<div class=\"elementor-widget-container\">\n\t\t\t\t\t<h2 class=\"elementor-heading-title elementor-size-default\">Di\u015f Turizmi Gevgelija<\/h2>\t\t\t\t<\/div>\n\t\t\t\t<\/div>\n\t\t\t\t<div class=\"elementor-element elementor-element-4b3ecc4 elementor-widget elementor-widget-text-editor\" data-id=\"4b3ecc4\" data-element_type=\"widget\" data-e-type=\"widget\" data-widget_type=\"text-editor.default\">\n\t\t\t\t<div class=\"elementor-widget-container\">\n\t\t\t\t\t\t\t\t\t<p>Gevgelija, Makedonya&#8217;n\u0131n g\u00fcneydo\u011fusunda yer alan ve son yirmi y\u0131lda seyahat ve sa\u011fl\u0131k turizmi a\u00e7\u0131s\u0131ndan cazip bir destinasyon haline gelen bir \u015fehirdir.<\/p>\n<p>Y\u00fcksek kalitede di\u015f hekimli\u011fi hizmetleri ve uygun fiyatlarla Gevgelija, b\u00f6lgede ve d\u00fcnyada tan\u0131nan bir di\u015f merkezi haline gelmi\u015ftir.<\/p>\n<p>G\u00fcn\u00fcm\u00fczde \u015fehir, Balkanlar&#8217;da ki\u015fi ba\u015f\u0131na en fazla di\u015f hekimli\u011fi muayenehanesi say\u0131s\u0131na sahiptir. Burada, g\u00fczelce d\u00f6\u015fenmi\u015f k\u00fc\u00e7\u00fck \u00f6zel muayenehanelerden b\u00fcy\u00fck di\u015f kliniklerine kadar her \u015feyi bulabilirsiniz. <\/p>\n<p>Hepsi son derece organize, son derece nazik, e\u011fitimli ve profesyonel, en modern ekipmanlarla donat\u0131lm\u0131\u015f, en modern ve en iyi malzemeleri kullanan, genel ve uzman di\u015f hekimli\u011fi ve y\u00fcz esteti\u011fi alan\u0131ndaki t\u00fcm m\u00fcdahaleleri ger\u00e7ekle\u015ftiren hekimlerimizdir.<\/p>\n<p>Hizmetler:<\/p>\n<ul>\n<li><strong>Genel di\u015f hekimli\u011fi,<\/strong><\/li>\n<li><strong>Estetik di\u015f hekimli\u011fi,<\/strong><\/li>\n<li><strong>\u00c7ocuk ve koruyucu di\u015f hekimli\u011fi,<\/strong><\/li>\n<li><strong>Protezler,<\/strong><\/li>\n<li><strong>Ortodonti,<\/strong><\/li>\n<li><strong>Periodontoloji,<\/strong><\/li>\n<li><strong>S\u00f6zl\u00fc,<\/strong><\/li>\n<li><strong>Lazer,&nbsp;<\/strong><\/li>\n<li><strong>Periodontal, Cerrahi ve \u0130mplantoloji<\/strong><\/li><li><strong><br><\/strong><\/li>\n<\/ul>\n<p>Tek bir c\u00fcmleyle, en basit i\u015flerden ger\u00e7ek &#8220;sanatsal&#8221; \u00e7al\u0131\u015fmalara kadar.<\/p>\n<p>Konum, altyap\u0131 ve Akdeniz iklimi, \u015fehrin kendisine her an ula\u015fman\u0131z\u0131 sa\u011flar. Bu, kom\u015fu \u00fclkelerden ve \u00f6tesinden \u00e7ok say\u0131da sakinin g\u00fcnl\u00fck ziyaretleri ve geri d\u00f6n\u00fc\u015fleriyle do\u011frulan\u0131r. Gevgelija, Selanik&#8217;teki Makedonya Havaalan\u0131&#8217;na sadece 100 km ve d\u00fcnyan\u0131n her yerinden t\u00fcm hastalara h\u0131zl\u0131 eri\u015fim sa\u011flayan \u00dcsk\u00fcp&#8217;teki havaalan\u0131na 170 km uzakl\u0131ktad\u0131r.  <\/p>\n<p>Di\u015f hekimli\u011fi hizmetlerinin yan\u0131 s\u0131ra kentte \u00e7e\u015fitli rehabilitasyon, bak\u0131m ve sa\u011fl\u0131k hizmetleri ile \u00e7ok say\u0131da e\u011flence mekan\u0131 bulunmaktad\u0131r.<\/p>\n<p>\u015eehre sadece 3 km uzakl\u0131kta \u015fifal\u0131, mineralli ve s\u0131cak sular\u0131yla her yerde \u00fcnl\u00fc bir rehabilitasyon ve fizik tedavi merkezi bulunmaktad\u0131r.<\/p>\n<p>Son teknoloji kayak merkeziyle Kozuf Da\u011f\u0131, y\u0131l boyunca her t\u00fcrl\u00fc da\u011f rekreasyonuna uygundur, ancak ayn\u0131 zamanda t\u00fcm avc\u0131l\u0131k merakl\u0131lar\u0131na da a\u00e7\u0131kt\u0131r. Yama\u00e7lar\u0131 boyunca \u00e7e\u015fitli da\u011f evleri ve piknik alanlar\u0131 vard\u0131r, bunlar\u0131n en \u00fcnl\u00fcs\u00fc olan Smrdliva Voda, ad\u0131n\u0131 k\u00fck\u00fcrtl\u00fc su kayna\u011f\u0131ndan al\u0131r. <\/p>\n<p>Vardarski Rid arkeolojik alan\u0131, Gevgeli&#8217;nin milattan \u00f6nce bile Antik Makedonya&#8217;n\u0131n ba\u015fl\u0131ca merkezlerinden biri oldu\u011funu kan\u0131tl\u0131yor.<\/p>\n<p>Daha fazlas\u0131n\u0131 arayanlar i\u00e7in, t\u00fcm d\u00fcnya standartlar\u0131nda bir\u00e7ok kumarhane, \u00e7e\u015fitli restoranlar, kafeler ve gece barlar\u0131, diskolar ve di\u011fer ikram tesisleri size heyecan verici bir konaklama ve e\u011flence sunuyor. Ve uzun gecelerden kalan dinlenmenizi Dojran G\u00f6l\u00fc&#8217;n\u00fcn plajlar\u0131nda veya Ege Denizi&#8217;nde ge\u00e7irebilirsiniz. <\/p>\n<p><strong>Tek yapman\u0131z gereken bizi ziyaret etmek, g\u00fcl\u00fcmsemenin g\u00fcnl\u00fck hayat\u0131n\u0131za girmesini sa\u011flayaca\u011f\u0131z.<\/strong><\/p>\t\t\t\t\t\t\t\t<\/div>\n\t\t\t\t<\/div>\n\t\t\t\t\t<\/div>\n\t\t<\/div>\n\t\t\t\t\t<\/div>\n\t\t<\/section>\n\t\t\t\t<section class=\"has-el-gap el-gap-default elementor-section elementor-top-section elementor-element elementor-element-dbcc5a2 elementor-section-boxed elementor-section-height-default elementor-section-height-default\" data-id=\"dbcc5a2\" data-element_type=\"section\" data-e-type=\"section\">\n\t\t\t\t\t\t<div class=\"elementor-container elementor-column-gap-no\">\n\t\t\t\t\t<div class=\"elementor-column elementor-col-100 elementor-top-column elementor-element elementor-element-2c83fe5\" data-id=\"2c83fe5\" data-element_type=\"column\" data-e-type=\"column\">\n\t\t\t<div class=\"elementor-widget-wrap elementor-element-populated\">\n\t\t\t\t\t\t\t<\/div>\n\t\t<\/div>\n\t\t\t\t\t<\/div>\n\t\t<\/section>\n\t\t\t\t<\/div>\n\t\t","protected":false},"excerpt":{"rendered":"<p>Di\u015f Turizmi Gevgelija Gevgelija, Makedonya&#8217;n\u0131n g\u00fcneydo\u011fusunda yer alan ve son yirmi y\u0131lda seyahat ve sa\u011fl\u0131k turizmi a\u00e7\u0131s\u0131ndan cazip bir destinasyon haline gelen bir \u015fehirdir. Y\u00fcksek kalitede di\u015f hekimli\u011fi hizmetleri ve uygun fiyatlarla Gevgelija, b\u00f6lgede ve d\u00fcnyada tan\u0131nan bir di\u015f merkezi haline gelmi\u015ftir. G\u00fcn\u00fcm\u00fczde \u015fehir, Balkanlar&#8217;da ki\u015fi ba\u015f\u0131na en fazla di\u015f hekimli\u011fi muayenehanesi say\u0131s\u0131na sahiptir. Burada,<\/p>\n","protected":false},"author":1,"featured_media":0,"parent":0,"menu_order":0,"comment_status":"closed","ping_status":"closed","template":"page-templates\/no-wrapper.php","meta":{"footnotes":""},"class_list":["post-9732","page","type-page","status-publish"],"_links":{"self":[{"href":"https:\/\/gevgelija.biz\/tr\/wp-json\/wp\/v2\/pages\/9732","targetHints":{"allow":["GET"]}}],"collection":[{"href":"https:\/\/gevgelija.biz\/tr\/wp-json\/wp\/v2\/pages"}],"about":[{"href":"https:\/\/gevgelija.biz\/tr\/wp-json\/wp\/v2\/types\/page"}],"author":[{"embeddable":true,"href":"https:\/\/gevgelija.biz\/tr\/wp-json\/wp\/v2\/users\/1"}],"replies":[{"embeddable":true,"href":"https:\/\/gevgelija.biz\/tr\/wp-json\/wp\/v2\/comments?post=9732"}],"version-history":[{"count":1,"href":"https:\/\/gevgelija.biz\/tr\/wp-json\/wp\/v2\/pages\/9732\/revisions"}],"predecessor-version":[{"id":9733,"href":"https:\/\/gevgelija.biz\/tr\/wp-json\/wp\/v2\/pages\/9732\/revisions\/9733"}],"wp:attachment":[{"href":"https:\/\/gevgelija.biz\/tr\/wp-json\/wp\/v2\/media?parent=9732"}],"curies":[{"name":"wp","href":"https:\/\/api.w.org\/{rel}","templated":true}]}}