{"id":9738,"date":"2024-06-14T17:13:36","date_gmt":"2024-06-14T15:13:36","guid":{"rendered":"https:\/\/gevgelija.biz\/gevgelija-icin\/"},"modified":"2025-07-07T19:01:26","modified_gmt":"2025-07-07T17:01:26","slug":"gevgelija-icin","status":"publish","type":"page","link":"https:\/\/gevgelija.biz\/tr\/gevgelija-icin\/","title":{"rendered":"Gevgelija i\u00e7in"},"content":{"rendered":"\t\t<div data-elementor-type=\"wp-page\" data-elementor-id=\"9738\" class=\"elementor elementor-9738 elementor-4386\" data-elementor-post-type=\"page\">\n\t\t\t\t\t\t<section class=\"has-el-gap el-gap-default elementor-section elementor-top-section elementor-element elementor-element-27c77db elementor-section-full_width elementor-section-height-default elementor-section-height-default\" data-id=\"27c77db\" data-element_type=\"section\" data-e-type=\"section\">\n\t\t\t\t\t\t<div class=\"elementor-container elementor-column-gap-no\">\n\t\t\t\t\t<div class=\"elementor-column elementor-col-100 elementor-top-column elementor-element elementor-element-8d8ec8a\" data-id=\"8d8ec8a\" data-element_type=\"column\" data-e-type=\"column\">\n\t\t\t<div class=\"elementor-widget-wrap elementor-element-populated\">\n\t\t\t\t\t\t<div class=\"elementor-element elementor-element-9e08393 elementor-widget elementor-widget-image\" data-id=\"9e08393\" data-element_type=\"widget\" data-e-type=\"widget\" data-widget_type=\"image.default\">\n\t\t\t\t<div class=\"elementor-widget-container\">\n\t\t\t\t\t\t\t\t\t\t\t\t\t\t\t<img fetchpriority=\"high\" decoding=\"async\" width=\"1920\" height=\"707\" src=\"https:\/\/gevgelija.biz\/wp-content\/uploads\/2024\/06\/za-gevgelija-e1718385745433.webp\" class=\"attachment-full size-full wp-image-9739\" alt=\"\" srcset=\"https:\/\/gevgelija.biz\/wp-content\/uploads\/2024\/06\/za-gevgelija-e1718385745433.webp 1920w, https:\/\/gevgelija.biz\/wp-content\/uploads\/2024\/06\/za-gevgelija-e1718385745433-600x221.webp 600w, https:\/\/gevgelija.biz\/wp-content\/uploads\/2024\/06\/za-gevgelija-e1718385745433-300x110.webp 300w, https:\/\/gevgelija.biz\/wp-content\/uploads\/2024\/06\/za-gevgelija-e1718385745433-1024x377.webp 1024w, https:\/\/gevgelija.biz\/wp-content\/uploads\/2024\/06\/za-gevgelija-e1718385745433-768x283.webp 768w, https:\/\/gevgelija.biz\/wp-content\/uploads\/2024\/06\/za-gevgelija-e1718385745433-1536x566.webp 1536w, https:\/\/gevgelija.biz\/wp-content\/uploads\/2024\/06\/za-gevgelija-e1718385745433-150x55.webp 150w, https:\/\/gevgelija.biz\/wp-content\/uploads\/2024\/06\/za-gevgelija-e1718385745433-450x166.webp 450w, https:\/\/gevgelija.biz\/wp-content\/uploads\/2024\/06\/za-gevgelija-e1718385745433-1200x442.webp 1200w\" sizes=\"(max-width: 1920px) 100vw, 1920px\" \/>\t\t\t\t\t\t\t\t\t\t\t\t\t\t\t<\/div>\n\t\t\t\t<\/div>\n\t\t\t\t\t<\/div>\n\t\t<\/div>\n\t\t\t\t\t<\/div>\n\t\t<\/section>\n\t\t\t\t<section class=\"has-el-gap el-gap-default elementor-section elementor-top-section elementor-element elementor-element-7a22d87 elementor-section-boxed elementor-section-height-default elementor-section-height-default\" data-id=\"7a22d87\" data-element_type=\"section\" data-e-type=\"section\">\n\t\t\t\t\t\t<div class=\"elementor-container elementor-column-gap-no\">\n\t\t\t\t\t<div class=\"elementor-column elementor-col-100 elementor-top-column elementor-element elementor-element-6cbb3d5\" data-id=\"6cbb3d5\" data-element_type=\"column\" data-e-type=\"column\">\n\t\t\t<div class=\"elementor-widget-wrap elementor-element-populated\">\n\t\t\t\t\t\t<div class=\"elementor-element elementor-element-36db59b elementor-widget elementor-widget-spacer\" data-id=\"36db59b\" data-element_type=\"widget\" data-e-type=\"widget\" data-widget_type=\"spacer.default\">\n\t\t\t\t<div class=\"elementor-widget-container\">\n\t\t\t\t\t\t\t<div class=\"elementor-spacer\">\n\t\t\t<div class=\"elementor-spacer-inner\"><\/div>\n\t\t<\/div>\n\t\t\t\t\t\t<\/div>\n\t\t\t\t<\/div>\n\t\t\t\t\t<\/div>\n\t\t<\/div>\n\t\t\t\t\t<\/div>\n\t\t<\/section>\n\t\t\t\t<section class=\"has-el-gap el-gap-default elementor-section elementor-top-section elementor-element elementor-element-8181061 elementor-section-boxed elementor-section-height-default elementor-section-height-default\" data-id=\"8181061\" data-element_type=\"section\" data-e-type=\"section\">\n\t\t\t\t\t\t<div class=\"elementor-container elementor-column-gap-no\">\n\t\t\t\t\t<div class=\"elementor-column elementor-col-66 elementor-top-column elementor-element elementor-element-aea9bb9\" data-id=\"aea9bb9\" data-element_type=\"column\" data-e-type=\"column\">\n\t\t\t<div class=\"elementor-widget-wrap elementor-element-populated\">\n\t\t\t\t\t\t<div class=\"elementor-element elementor-element-4ae81ca elementor-widget elementor-widget-text-editor\" data-id=\"4ae81ca\" data-element_type=\"widget\" data-e-type=\"widget\" data-widget_type=\"text-editor.default\">\n\t\t\t\t<div class=\"elementor-widget-container\">\n\t\t\t\t\t\t\t\t\t<p><strong>Gevgelija,<\/strong> konumu itibariyle b\u00f6lgenin ekonomik kalk\u0131nmas\u0131nda \u00f6nc\u00fc bir konuma sahip olup, tam da bu nedenle \u00fclkenin i\u015f iklimi ve gelecek projeleri \u00fczerinde \u00f6nemli rol oynamaktad\u0131r.<\/p><p>\u015eehrin bu ayr\u0131cal\u0131\u011f\u0131, Gevgelija&#8217;n\u0131n hala \u00f6nc\u00fc g\u00fcc\u00fcn\u00fc temsil eden modernle\u015fme ve modernle\u015fme ruhunu temsil eden ana an\u0131tlar\u0131ndan biri olan <strong>&#8220;Eski Lokomotif&#8221;<\/strong> ile en iyi \u015fekilde kan\u0131tlanmaktad\u0131r. Bu, ba\u015flang\u0131\u00e7ta Atina-Londra ve daha sonra Selanik-\u00dcsk\u00fcp-Belgrad olmak \u00fczere \u00fcnl\u00fc hatlar\u0131n bir par\u00e7as\u0131 olarak bu &#8220;istasyon \u015fehrinin&#8221; \u00f6zel yerinden bahseden co\u011frafi ve tarihi bir sembold\u00fcr. \u015eehrin birka\u00e7 d\u00f6nemden ge\u00e7en yakla\u015f\u0131k 150 y\u0131ll\u0131k d\u00f6n\u00fc\u015f\u00fcm\u00fcne tan\u0131kl\u0131k etmektedir:  <\/p><p>&#8211; Osmanl\u0131 \u0130mparatorlu\u011fu&#8217;nun son y\u0131llar\u0131nda Gevgeli, Avrupal\u0131 \u200b\u200bt\u00fcccarlar aras\u0131nda ipekb\u00f6ce\u011fi yeti\u015ftiricili\u011fi ile tan\u0131n\u0131yordu; ipekb\u00f6ce\u011fi ayn\u0131 zamanda halk\u0131n temel ge\u00e7im kayna\u011f\u0131yd\u0131;<\/p><p>&#8211; \u0130ki Yugoslavya (Kraliyet ve SFRY) d\u00f6neminde, tar\u0131msal sanayi, ula\u015ft\u0131rma ve ticaret ekonomik faaliyetin ba\u015fl\u0131ca ta\u015f\u0131y\u0131c\u0131lar\u0131yd\u0131;<\/p><p>&#8211; \u00dclkenin ba\u011f\u0131ms\u0131zl\u0131\u011f\u0131ndan g\u00fcn\u00fcm\u00fcze kadar, yukar\u0131da say\u0131lan ekonomik sekt\u00f6rlerin yan\u0131 s\u0131ra Gevgelija, giderek &#8220;tatil kenti&#8221; \u00f6zelli\u011fiyle tan\u0131nmaya ba\u015flanm\u0131\u015f ve bu nedenle &#8220;Makedonya&#8217;n\u0131n Las Vegas&#8217;\u0131&#8221; olarak an\u0131lmaya ba\u015flanm\u0131\u015ft\u0131r.<\/p><p> <\/p><p>Bug\u00fcn <strong>&#8220;Eski Lokomotif&#8221;<\/strong> , \u00fclkenin en a\u00e7\u0131k ve misafirperver kentinin Avrupa gelece\u011fine do\u011fru ilerledi\u011fi y\u00f6n\u00fc temsil ediyor.<\/p><p>Gevgelija&#8217;y\u0131 yerli ve yabanc\u0131 yat\u0131r\u0131mc\u0131lar i\u00e7in bu kadar cazip k\u0131lan ayr\u0131cal\u0131k, co\u011frafi, ekonomik ve k\u00fclt\u00fcrel nitelikteki bir dizi etkenden olu\u015fuyor. Bunlara, gerekli standartlar\u0131 kar\u015f\u0131lamak amac\u0131yla altyap\u0131n\u0131n modernizasyonuna s\u00fcrekli yat\u0131r\u0131m yap\u0131lmas\u0131 da ekleniyor.<\/p><p> <\/p><p>Konumu ve Akdeniz iklimi ile her t\u00fcrl\u00fc faaliyetin her alanda geli\u015fmesi i\u00e7in ideal bir yerdir.<\/p><p>\u0130klim \u00f6zellikleri toprakla birlikte organik tar\u0131msal g\u0131da \u00fcretiminin geli\u015ftirilmesi i\u00e7in uygundur. Gevgelija Vadisi, Vardar Nehri boyunca \u00fclkenin en g\u00fcney k\u0131sm\u0131n\u0131 kaplar ve d\u00f6rt k\u00fc\u00e7\u00fck nehir taraf\u0131ndan ge\u00e7ilir. Y\u0131l boyunca 240 g\u00fcne\u015fli g\u00fcn\u00fcyle \u00e7e\u015fitli bah\u00e7e t\u00fcrleri ve meyve a\u011fa\u00e7lar\u0131, \u00fcz\u00fcm ba\u011flar\u0131 ve yem bitkileri yeti\u015ftirmek i\u00e7in verimli ve zengin bir toprakt\u0131r. Negorci, Prdejci ve Smokvica&#8217;daki s\u0131cak <strong>mineral sular<\/strong> , k\u0131\u015f mevsiminde seralarda s\u0131cakl\u0131\u011f\u0131 korumak ve ideal bir ortam yaratmak i\u00e7in m\u00fckemmel bir \u00f6n ko\u015fuldur ve ayr\u0131ca giderek artan bir ilgi g\u00f6ren termal turizmin geli\u015fimi i\u00e7in de ge\u00e7erlidir. Buna \u00f6zellikle sadece 30 km uzakl\u0131ktaki <strong>Dojran G\u00f6l\u00fc&#8217;ne<\/strong> yak\u0131nl\u0131k katk\u0131da bulunur; iyot bak\u0131m\u0131ndan zengin sular\u0131 sin\u00fcs sorunlar\u0131, bron\u015fit, so\u011fuk alg\u0131nl\u0131\u011f\u0131 ve yara ve yan\u0131klar\u0131n iyile\u015fmesi i\u00e7in \u00f6nerilir. Ovalardan tepelere ve da\u011flara do\u011fru ge\u00e7i\u015f yapan, orman ve meralar bak\u0131m\u0131ndan zengin mikror\u00f6lyefin yap\u0131s\u0131, k\u00fcmes hayvanc\u0131l\u0131\u011f\u0131n\u0131n ve hayvanc\u0131l\u0131\u011f\u0131n geli\u015fmesine olanak sa\u011flayan ko\u015fullar sunmaktad\u0131r.    <\/p><p>\u015eehrin bat\u0131s\u0131nda, Akdeniz ve k\u0131tasal etkilerin birle\u015fiminin \u00f6zel bir yerel iklim yaratt\u0131\u011f\u0131 <strong>Kozuf<\/strong> ve <strong>Pajak<\/strong> Da\u011f\u0131 s\u0131rada\u011flar\u0131 ba\u015flar. <strong>Yaban<\/strong> domuzu, <strong>karaca<\/strong> ve <strong>ay\u0131<\/strong> gibi korunan t\u00fcrler ve sansar, kurt, tilki, atmaca ve yabani tav\u015fan, kumru, \u00e7e\u015fitli g\u00fcvercin t\u00fcrleri vb. gibi korumas\u0131z t\u00fcrler olmak \u00fczere \u00e7e\u015fitli av t\u00fcrleri i\u00e7in uygundur. Kozuf&#8217;un floras\u0131 \u015fifal\u0131 otlar a\u00e7\u0131s\u0131ndan zengindir, orman bitki \u00f6rt\u00fcs\u00fcnden, k\u0131rm\u0131z\u0131ms\u0131 kabu\u011fu insan derisi kadar yumu\u015fak olan ve ad\u0131n\u0131 da buradan alan <strong>&#8220;\u00c7\u0131plak Adam&#8221;<\/strong> adl\u0131 endemik yaprak d\u00f6kmeyen a\u011fa\u00e7 t\u00fcr\u00fc \u00f6ne \u00e7\u0131kar. Burada, 2000 metre y\u00fckseklikte, 2001 y\u0131l\u0131nda yap\u0131m\u0131na ba\u015flanan, alt\u0131 ki\u015filik teleferi\u011fi ve 16 km kayak pisti bulunan en se\u00e7kin kayak merkezlerinden biri bulunmaktad\u0131r. Deniz seviyesinden 712 metre y\u00fckseklikte, mide rahats\u0131zl\u0131klar\u0131 ve mide ve b\u00f6brek rahats\u0131zl\u0131klar\u0131na \u015fifa veren mineral kaynaklar\u0131yla bilinen <strong>&#8220;Smrdliva Voda&#8221;<\/strong> turistik alan\u0131 bulunmaktad\u0131r. Deniz seviyesinden 1520 metre y\u00fckseklikte bulunan ve ge\u00e7mi\u015fte alt\u0131n aramas\u0131yla \u00fcnl\u00fc olan Konska Reka, bu alanlardaki cazip rekreasyon f\u0131rsatlar\u0131 yelpazesini ve \u00e7e\u015fitli turizm t\u00fcrlerinin geli\u015fimini tamamlamaktad\u0131r.     <\/p><p>Yunanistan ile olan ana s\u0131n\u0131r kap\u0131s\u0131 olan &#8220;Bogorodica-Evzoni&#8221;ye sadece 3 km, Selanik Liman\u0131&#8217;na ise sadece 80 km uzakl\u0131kta olmas\u0131 ve yenilenen E-75\/Koridor 10 otoyolu, \u015fehrin son yirmi y\u0131lda en \u00e7ok yat\u0131r\u0131m yap\u0131lan lokasyonlardan biri olmas\u0131 i\u00e7in gerekli ko\u015fullar\u0131n olu\u015fmas\u0131na katk\u0131da bulunmu\u015ftur.  <\/p><p>S\u0131n\u0131r kap\u0131s\u0131n\u0131n hemen yan\u0131nda bulunan &#8220;Princess&#8221; ve &#8220;Flamingo&#8221; gibi birka\u00e7 kumarhane ve 5 y\u0131ld\u0131zl\u0131 otelin ve ayn\u0131 zamanda bu boyutlarda ilk olan \u015fehir merkezindeki &#8220;Apolonija&#8221;n\u0131n in\u015fas\u0131 ve yenilenmesi, e\u011flence ve dinlence hayat\u0131na olan talebin artt\u0131\u011f\u0131n\u0131 g\u00f6steriyor. Ayr\u0131ca yerel ve ulusal nitelikte \u00e7e\u015fitli k\u00fclt\u00fcrel ve sanatsal toplant\u0131lar\u0131n ve etkinliklerin desteklenmesine ve d\u00fczenlenmesine de katk\u0131da bulunuyorlar. D\u00fcnya standartlar\u0131na g\u00f6re yerel spesiyaliteler ve men\u00fcler sunan \u00e7e\u015fitli restoranlar ve kahve barlar\u0131, Gevgelija&#8217;n\u0131n \u00f6zellikle hafta sonlar\u0131 ge\u00e7en turistler i\u00e7in zorunlu bir &#8220;dur ve git&#8221; dura\u011f\u0131 haline gelmesinin nedenidir. Artan kat\u0131l\u0131m, \u00f6zellikle di\u015f hekimli\u011fi olmak \u00fczere en modern standartlara g\u00f6re bak\u0131m tedavileri ve sa\u011fl\u0131k hizmetleri sunumunun da artmas\u0131na yol a\u00e7m\u0131\u015ft\u0131r.   <\/p><p>Gevgelija&#8217;n\u0131n bir \u015fehir olarak s\u00fcrekli b\u00fcy\u00fcmeye olan ilgisi sadece turistik-dinlence ve tar\u0131msal-end\u00fcstriyel alanlar\u0131n geli\u015fim y\u00f6nleriyle s\u0131n\u0131rl\u0131 kalm\u0131yor, ayn\u0131 zamanda teknolojik ba\u015far\u0131lar alan\u0131nda da devam ediyor. B\u00f6ylece, Avrupa entegrasyonu ve standartlar\u0131n\u0131n \u00f6ng\u00f6r\u00fclmesiyle, \u00fclkede yenilenebilir enerjiler alan\u0131nda ilk ciddi ad\u0131mlar, &#8220;Bogdanci&#8221; r\u00fczgar park\u0131n\u0131n in\u015fas\u0131yla \u015fehrin yak\u0131n\u0131nda at\u0131ld\u0131. <\/p><p>Ancak as\u0131l ve temel itici g\u00fc\u00e7, yeni gelenlere kar\u015f\u0131 i\u015fbirli\u011fine a\u00e7\u0131k ve misafirperver olan vatanda\u015flar\u0131n kendileridir; efsaneye g\u00f6re &#8220;g\u00f6lgelerle dolu bir yere&#8221; &#8220;geri d\u00f6nmek&#8221; anlam\u0131na gelen &#8220;Gevgelija&#8221; yer isminin gizemli anlam\u0131n\u0131 yerine getirirler.<\/p>\t\t\t\t\t\t\t\t<\/div>\n\t\t\t\t<\/div>\n\t\t\t\t\t<\/div>\n\t\t<\/div>\n\t\t\t\t<div class=\"elementor-column elementor-col-33 elementor-top-column elementor-element elementor-element-b1fd3db\" data-id=\"b1fd3db\" data-element_type=\"column\" data-e-type=\"column\">\n\t\t\t<div class=\"elementor-widget-wrap elementor-element-populated\">\n\t\t\t\t\t\t<div class=\"elementor-element elementor-element-3f8fd16 elementor-widget elementor-widget-image\" data-id=\"3f8fd16\" data-element_type=\"widget\" data-e-type=\"widget\" data-widget_type=\"image.default\">\n\t\t\t\t<div class=\"elementor-widget-container\">\n\t\t\t\t\t\t\t\t\t\t\t\t\t\t\t<img decoding=\"async\" width=\"788\" height=\"526\" data-src=\"https:\/\/gevgelija.biz\/wp-content\/uploads\/2024\/06\/1-55-1024x683.jpg\" class=\"attachment-large size-large wp-image-4303 lazyload\" alt=\"\" data-srcset=\"https:\/\/gevgelija.biz\/wp-content\/uploads\/2024\/06\/1-55-1024x683.jpg 1024w, https:\/\/gevgelija.biz\/wp-content\/uploads\/2024\/06\/1-55-600x400.jpg 600w, https:\/\/gevgelija.biz\/wp-content\/uploads\/2024\/06\/1-55-300x200.jpg 300w, https:\/\/gevgelija.biz\/wp-content\/uploads\/2024\/06\/1-55-768x512.jpg 768w, https:\/\/gevgelija.biz\/wp-content\/uploads\/2024\/06\/1-55-150x100.jpg 150w, https:\/\/gevgelija.biz\/wp-content\/uploads\/2024\/06\/1-55-450x300.jpg 450w, https:\/\/gevgelija.biz\/wp-content\/smush-webp\/2024\/06\/1-55.jpg.webp 1200w\" data-sizes=\"(max-width: 788px) 100vw, 788px\" src=\"data:image\/svg+xml;base64,PHN2ZyB3aWR0aD0iMSIgaGVpZ2h0PSIxIiB4bWxucz0iaHR0cDovL3d3dy53My5vcmcvMjAwMC9zdmciPjwvc3ZnPg==\" style=\"--smush-placeholder-width: 788px; --smush-placeholder-aspect-ratio: 788\/526;\" data-smush-webp-fallback=\"{&quot;data-srcset&quot;:&quot;https:\\\/\\\/gevgelija.biz\\\/wp-content\\\/uploads\\\/2024\\\/06\\\/1-55-1024x683.jpg 1024w, https:\\\/\\\/gevgelija.biz\\\/wp-content\\\/uploads\\\/2024\\\/06\\\/1-55-600x400.jpg 600w, https:\\\/\\\/gevgelija.biz\\\/wp-content\\\/uploads\\\/2024\\\/06\\\/1-55-300x200.jpg 300w, https:\\\/\\\/gevgelija.biz\\\/wp-content\\\/uploads\\\/2024\\\/06\\\/1-55-768x512.jpg 768w, https:\\\/\\\/gevgelija.biz\\\/wp-content\\\/uploads\\\/2024\\\/06\\\/1-55-150x100.jpg 150w, https:\\\/\\\/gevgelija.biz\\\/wp-content\\\/uploads\\\/2024\\\/06\\\/1-55-450x300.jpg 450w, https:\\\/\\\/gevgelija.biz\\\/wp-content\\\/uploads\\\/2024\\\/06\\\/1-55.jpg 1200w&quot;}\" \/>\t\t\t\t\t\t\t\t\t\t\t\t\t\t\t<\/div>\n\t\t\t\t<\/div>\n\t\t\t\t\t<\/div>\n\t\t<\/div>\n\t\t\t\t\t<\/div>\n\t\t<\/section>\n\t\t\t\t<section class=\"has-el-gap el-gap-default elementor-section elementor-top-section elementor-element elementor-element-6a873f9 elementor-section-boxed elementor-section-height-default elementor-section-height-default\" data-id=\"6a873f9\" data-element_type=\"section\" data-e-type=\"section\">\n\t\t\t\t\t\t<div class=\"elementor-container elementor-column-gap-no\">\n\t\t\t\t\t<div class=\"elementor-column elementor-col-100 elementor-top-column elementor-element elementor-element-2fb7ca9\" data-id=\"2fb7ca9\" data-element_type=\"column\" data-e-type=\"column\">\n\t\t\t<div class=\"elementor-widget-wrap\">\n\t\t\t\t\t\t\t<\/div>\n\t\t<\/div>\n\t\t\t\t\t<\/div>\n\t\t<\/section>\n\t\t\t\t<\/div>\n\t\t","protected":false},"excerpt":{"rendered":"<p>Gevgelija, konumu itibariyle b\u00f6lgenin ekonomik kalk\u0131nmas\u0131nda \u00f6nc\u00fc bir konuma sahip olup, tam da bu nedenle \u00fclkenin i\u015f iklimi ve gelecek projeleri \u00fczerinde \u00f6nemli rol oynamaktad\u0131r. \u015eehrin bu ayr\u0131cal\u0131\u011f\u0131, Gevgelija&#8217;n\u0131n hala \u00f6nc\u00fc g\u00fcc\u00fcn\u00fc temsil eden modernle\u015fme ve modernle\u015fme ruhunu temsil eden ana an\u0131tlar\u0131ndan biri olan &#8220;Eski Lokomotif&#8221; ile en iyi \u015fekilde kan\u0131tlanmaktad\u0131r. Bu, ba\u015flang\u0131\u00e7ta Atina-Londra ve<\/p>\n","protected":false},"author":1,"featured_media":9739,"parent":0,"menu_order":0,"comment_status":"closed","ping_status":"closed","template":"page-templates\/no-wrapper.php","meta":{"footnotes":""},"class_list":["post-9738","page","type-page","status-publish","has-post-thumbnail"],"_links":{"self":[{"href":"https:\/\/gevgelija.biz\/tr\/wp-json\/wp\/v2\/pages\/9738","targetHints":{"allow":["GET"]}}],"collection":[{"href":"https:\/\/gevgelija.biz\/tr\/wp-json\/wp\/v2\/pages"}],"about":[{"href":"https:\/\/gevgelija.biz\/tr\/wp-json\/wp\/v2\/types\/page"}],"author":[{"embeddable":true,"href":"https:\/\/gevgelija.biz\/tr\/wp-json\/wp\/v2\/users\/1"}],"replies":[{"embeddable":true,"href":"https:\/\/gevgelija.biz\/tr\/wp-json\/wp\/v2\/comments?post=9738"}],"version-history":[{"count":1,"href":"https:\/\/gevgelija.biz\/tr\/wp-json\/wp\/v2\/pages\/9738\/revisions"}],"predecessor-version":[{"id":9740,"href":"https:\/\/gevgelija.biz\/tr\/wp-json\/wp\/v2\/pages\/9738\/revisions\/9740"}],"wp:featuredmedia":[{"embeddable":true,"href":"https:\/\/gevgelija.biz\/tr\/wp-json\/wp\/v2\/media\/9739"}],"wp:attachment":[{"href":"https:\/\/gevgelija.biz\/tr\/wp-json\/wp\/v2\/media?parent=9738"}],"curies":[{"name":"wp","href":"https:\/\/api.w.org\/{rel}","templated":true}]}}