{"id":9780,"date":"2021-01-15T11:45:26","date_gmt":"2021-01-15T09:45:26","guid":{"rendered":"https:\/\/gevgelija.biz\/hakkimizda-gevgelija-biz\/"},"modified":"2025-07-08T18:45:12","modified_gmt":"2025-07-08T16:45:12","slug":"hakkimizda-gevgelija-biz","status":"publish","type":"page","link":"https:\/\/gevgelija.biz\/tr\/hakkimizda-gevgelija-biz\/","title":{"rendered":"Gevgelija.biz Hakk\u0131nda \u2013 Gevgelija&#8217;daki dijital orta\u011f\u0131n\u0131z"},"content":{"rendered":"\t\t<div data-elementor-type=\"wp-page\" data-elementor-id=\"9780\" class=\"elementor elementor-9780 elementor-786\" data-elementor-post-type=\"page\">\n\t\t\t\t\t\t<section class=\"has-el-gap el-gap-default elementor-section elementor-top-section elementor-element elementor-element-2dcb3c13 elementor-section-full_width elementor-section-height-default elementor-section-height-default\" data-id=\"2dcb3c13\" data-element_type=\"section\" data-e-type=\"section\">\n\t\t\t\t\t\t<div class=\"elementor-container elementor-column-gap-no\">\n\t\t\t\t\t<div class=\"elementor-column elementor-col-100 elementor-top-column elementor-element elementor-element-1bb29d1b\" data-id=\"1bb29d1b\" data-element_type=\"column\" data-e-type=\"column\">\n\t\t\t<div class=\"elementor-widget-wrap elementor-element-populated\">\n\t\t\t\t\t\t<div class=\"elementor-element elementor-element-5ca37b56 elementor-widget elementor-widget-image\" data-id=\"5ca37b56\" data-element_type=\"widget\" data-e-type=\"widget\" data-widget_type=\"image.default\">\n\t\t\t\t<div class=\"elementor-widget-container\">\n\t\t\t\t\t\t\t\t\t\t\t\t\t\t\t<img fetchpriority=\"high\" decoding=\"async\" class=\"attachment-full size-full wp-image-9739 lazyload\" width=\"1920\" height=\"707\" src=\"data:image\/svg+xml;base64,PHN2ZyB2aWV3Qm94PScwIDAgMTkyMCA3MDcnIHhtbG5zPSdodHRwOi8vd3d3LnczLm9yZy8yMDAwL3N2Zyc+PC9zdmc+\" alt srcset=\"https:\/\/gevgelija.biz\/wp-content\/uploads\/2024\/06\/za-gevgelija-e1718385745433.webp 1920w, https:\/\/gevgelija.biz\/wp-content\/uploads\/2024\/06\/za-gevgelija-e1718385745433-600x221.webp 600w, https:\/\/gevgelija.biz\/wp-content\/uploads\/2024\/06\/za-gevgelija-e1718385745433-300x110.webp 300w, https:\/\/gevgelija.biz\/wp-content\/uploads\/2024\/06\/za-gevgelija-e1718385745433-1024x377.webp 1024w, https:\/\/gevgelija.biz\/wp-content\/uploads\/2024\/06\/za-gevgelija-e1718385745433-768x283.webp 768w, https:\/\/gevgelija.biz\/wp-content\/uploads\/2024\/06\/za-gevgelija-e1718385745433-1536x566.webp 1536w, https:\/\/gevgelija.biz\/wp-content\/uploads\/2024\/06\/za-gevgelija-e1718385745433-150x55.webp 150w, https:\/\/gevgelija.biz\/wp-content\/uploads\/2024\/06\/za-gevgelija-e1718385745433-450x166.webp 450w, https:\/\/gevgelija.biz\/wp-content\/uploads\/2024\/06\/za-gevgelija-e1718385745433-1200x442.webp 1200w\" sizes=\"(max-width: 1920px) 100vw, 1920px\" data-src=\"https:\/\/gevgelija.biz\/wp-content\/uploads\/2024\/06\/za-gevgelija-e1718385745433.webp\" \/>\t\t\t\t\t\t\t\t\t\t\t\t\t\t\t<\/div>\n\t\t\t\t<\/div>\n\t\t\t\t\t<\/div>\n\t\t<\/div>\n\t\t\t\t\t<\/div>\n\t\t<\/section>\n\t\t\t\t<section class=\"has-el-gap el-gap-default elementor-section elementor-top-section elementor-element elementor-element-2960d618 elementor-section-boxed elementor-section-height-default elementor-section-height-default\" data-id=\"2960d618\" data-element_type=\"section\" data-e-type=\"section\">\n\t\t\t\t\t\t<div class=\"elementor-container elementor-column-gap-no\">\n\t\t\t\t\t<div class=\"elementor-column elementor-col-100 elementor-top-column elementor-element elementor-element-6e3f839f\" data-id=\"6e3f839f\" data-element_type=\"column\" data-e-type=\"column\">\n\t\t\t<div class=\"elementor-widget-wrap elementor-element-populated\">\n\t\t\t\t\t\t<div class=\"elementor-element elementor-element-5d9ef405 elementor-widget elementor-widget-spacer\" data-id=\"5d9ef405\" data-element_type=\"widget\" data-e-type=\"widget\" data-widget_type=\"spacer.default\">\n\t\t\t\t<div class=\"elementor-widget-container\">\n\t\t\t\t\t\t\t<div class=\"elementor-spacer\">\n\t\t\t<div class=\"elementor-spacer-inner\"><\/div>\n\t\t<\/div>\n\t\t\t\t\t\t<\/div>\n\t\t\t\t<\/div>\n\t\t\t\t\t<\/div>\n\t\t<\/div>\n\t\t\t\t\t<\/div>\n\t\t<\/section>\n\t\t\t\t<section class=\"has-el-gap el-gap-default elementor-section elementor-top-section elementor-element elementor-element-774bdf56 elementor-section-boxed elementor-section-height-default elementor-section-height-default\" data-id=\"774bdf56\" data-element_type=\"section\" data-e-type=\"section\">\n\t\t\t\t\t\t<div class=\"elementor-container elementor-column-gap-no\">\n\t\t\t\t\t<div class=\"elementor-column elementor-col-100 elementor-top-column elementor-element elementor-element-511b7dc7\" data-id=\"511b7dc7\" data-element_type=\"column\" data-e-type=\"column\">\n\t\t\t<div class=\"elementor-widget-wrap elementor-element-populated\">\n\t\t\t\t\t\t<div class=\"elementor-element elementor-element-62a5b12a elementor-widget elementor-widget-text-editor\" data-id=\"62a5b12a\" data-element_type=\"widget\" data-e-type=\"widget\" data-widget_type=\"text-editor.default\">\n\t\t\t\t<div class=\"elementor-widget-container\">\n\t\t\t\t\t\t\t\t\t<p><strong>Gevgelija.biz&#8217;e ho\u015f geldiniz<\/strong> , Gevgelija b\u00f6lgesindeki lider dijital pazarlama platformunuz ve i\u015fletme tan\u0131t\u0131m\u0131 ve bilgileri i\u00e7in ana portal\u0131n\u0131z. Amac\u0131m\u0131z yerel \u015firketler, hizmetler ve markalar i\u00e7in kaliteli \u00e7evrimi\u00e7i reklamc\u0131l\u0131k sa\u011flamak, bunlar\u0131 binlerce potansiyel m\u00fc\u015fteriye ve turiste profesyonel, etkili ve \u00e7ekici bir \u015fekilde sunmakt\u0131r. <\/p>\n<p>Gevgelija.biz, yerel \u015firketleri ve hizmetleri b\u00f6lgesel ve uluslararas\u0131 pazarla birle\u015ftirmek i\u00e7in net bir vizyonla kuruldu. 7 dilde (Makedonca, Yunanca, S\u0131rp\u00e7a, Bulgarca, \u0130ngilizce, T\u00fcrk\u00e7e ve Almanca) varl\u0131\u011f\u0131yla portal\u0131m\u0131z, Gevgelija ve \u00e7evresindeki \u015firketleri Makedonya ve Yunanistan, S\u0131rbistan, Bulgaristan ve T\u00fcrkiye dahil t\u00fcm b\u00f6lgeden gelen ziyaret\u00e7ilerle ve ayr\u0131ca d\u00fcnyan\u0131n d\u00f6rt bir yan\u0131ndan gelen turistlerle ba\u015far\u0131l\u0131 bir \u015fekilde bir araya getiriyor. <\/p>\n<p>Ofisimiz Gevgelija&#8217;n\u0131n merkezinde, 45 7mi Noemvri Caddesi&#8217;nde bulunmaktad\u0131r. Dijital pazarlama, SEO optimizasyonu ve web tasar\u0131m\u0131 alan\u0131nda uzman ekibimiz sizin ba\u015far\u0131n\u0131z i\u00e7in \u00f6zveriyle \u00e7al\u0131\u015fmaktad\u0131r. <\/p>\n<h3> <\/h3>\t\t\t\t\t\t\t\t<\/div>\n\t\t\t\t<\/div>\n\t\t\t\t\t<\/div>\n\t\t<\/div>\n\t\t\t\t\t<\/div>\n\t\t<\/section>\n\t\t\t\t<section class=\"elementor-section elementor-top-section elementor-element elementor-element-59b34be elementor-section-boxed elementor-section-height-default elementor-section-height-default\" data-id=\"59b34be\" data-element_type=\"section\" data-e-type=\"section\">\n\t\t\t\t\t\t<div class=\"elementor-container elementor-column-gap-default\">\n\t\t\t\t\t<div class=\"elementor-column elementor-col-100 elementor-top-column elementor-element elementor-element-7570cb7\" data-id=\"7570cb7\" data-element_type=\"column\" data-e-type=\"column\">\n\t\t\t<div class=\"elementor-widget-wrap elementor-element-populated\">\n\t\t\t\t\t\t<div class=\"elementor-element elementor-element-ae12120 elementor-widget elementor-widget-text-editor\" data-id=\"ae12120\" data-element_type=\"widget\" data-e-type=\"widget\" data-widget_type=\"text-editor.default\">\n\t\t\t\t<div class=\"elementor-widget-container\">\n\t\t\t\t\t\t\t\t\t<h3>Hizmetlerimiz \u015funlar\u0131 i\u00e7erir:<\/h3>\n<ul data-spread=\"false\">\n<li>\n<p>\u015eirket ve hizmetlerin dijital reklamc\u0131l\u0131\u011f\u0131<\/p>\n<\/li>\n<li>\n<p>Google&#8217;da daha y\u00fcksek g\u00f6r\u00fcn\u00fcrl\u00fck i\u00e7in SEO optimizasyonu<\/p>\n<\/li>\n<li>\n<p>Profesyonel web tasar\u0131m\u0131 ve web sitesi bak\u0131m\u0131<\/p>\n<\/li>\n<li>\n<p>\u00c7evrimi\u00e7i pazarlama ve dan\u0131\u015fmanl\u0131k<\/p>\n<\/li>\n<li>\n<p>\u00c7ok dilli reklamc\u0131l\u0131k (7 dil)<\/p>\n<\/li>\n<\/ul>\n<p>Ekibimiz, yeni m\u00fc\u015fterilere kolayca ve h\u0131zl\u0131 bir \u015fekilde ula\u015fman\u0131z\u0131 sa\u011flayacak i\u00e7erik ve yenilik\u00e7i stratejiler geli\u015ftirmek i\u00e7in g\u00fcnl\u00fck yat\u0131r\u0131mlar yapmaktad\u0131r.<\/p>\n<h3>Portf\u00f6y<\/h3>\n<p>Ba\u015far\u0131l\u0131 projelerimizi ziyaret edin ve hizmetlerimizin kalitesini kendiniz g\u00f6r\u00fcn:<\/p>\n<ul data-spread=\"false\">\n<li>\n<p><a href=\"https:\/\/gevgelija.biz\/marketing\/\">Gevgelija.biz pazarlama<\/a><\/p>\n<\/li>\n<\/ul>\n<p>Gevgelija.biz&#8217;i se\u00e7in ve bug\u00fcn yeni m\u00fc\u015fteriler \u00e7ekmeye ba\u015flay\u0131n!<\/p>\n<h3> <\/h3>\t\t\t\t\t\t\t\t<\/div>\n\t\t\t\t<\/div>\n\t\t\t\t\t<\/div>\n\t\t<\/div>\n\t\t\t\t\t<\/div>\n\t\t<\/section>\n\t\t\t\t<section class=\"has-el-gap el-gap-default elementor-section elementor-top-section elementor-element elementor-element-61032b6e elementor-section-boxed elementor-section-height-default elementor-section-height-default\" data-id=\"61032b6e\" data-element_type=\"section\" data-e-type=\"section\">\n\t\t\t\t\t\t<div class=\"elementor-container elementor-column-gap-no\">\n\t\t\t\t\t<div class=\"elementor-column elementor-col-100 elementor-top-column elementor-element elementor-element-37116700\" data-id=\"37116700\" data-element_type=\"column\" data-e-type=\"column\">\n\t\t\t<div class=\"elementor-widget-wrap elementor-element-populated\">\n\t\t\t\t\t\t<div class=\"elementor-element elementor-element-f9e8e2c elementor-widget elementor-widget-image\" data-id=\"f9e8e2c\" data-element_type=\"widget\" data-e-type=\"widget\" data-widget_type=\"image.default\">\n\t\t\t\t<div class=\"elementor-widget-container\">\n\t\t\t\t\t\t\t\t\t\t\t\t\t\t\t<img decoding=\"async\" class=\"attachment-large size-large wp-image-10266 lazyload\" width=\"768\" height=\"1024\" src=\"data:image\/svg+xml;base64,PHN2ZyB2aWV3Qm94PScwIDAgNzY4IDEwMjQnIHhtbG5zPSdodHRwOi8vd3d3LnczLm9yZy8yMDAwL3N2Zyc+PC9zdmc+\" alt=\"Gevgelija.biz office\" srcset=\"https:\/\/gevgelija.biz\/wp-content\/smush-webp\/2025\/07\/gevgeliabiz-office-768x1024.jpg.webp 768w, https:\/\/gevgelija.biz\/wp-content\/smush-webp\/2025\/07\/gevgeliabiz-office-225x300.jpg.webp 225w, https:\/\/gevgelija.biz\/wp-content\/smush-webp\/2025\/07\/gevgeliabiz-office-1152x1536.jpg.webp 1152w, https:\/\/gevgelija.biz\/wp-content\/smush-webp\/2025\/07\/gevgeliabiz-office-150x200.jpg.webp 150w, https:\/\/gevgelija.biz\/wp-content\/smush-webp\/2025\/07\/gevgeliabiz-office-450x600.jpg.webp 450w, https:\/\/gevgelija.biz\/wp-content\/smush-webp\/2025\/07\/gevgeliabiz-office.jpg.webp 1200w\" sizes=\"(max-width: 768px) 100vw, 768px\" data-src=\"https:\/\/gevgelija.biz\/wp-content\/smush-webp\/2025\/07\/gevgeliabiz-office-768x1024.jpg.webp\" data-smush-webp-fallback=\"{&quot;data-src&quot;:&quot;https:\\\/\\\/gevgelija.biz\\\/wp-content\\\/uploads\\\/2025\\\/07\\\/gevgeliabiz-office-768x1024.jpg&quot;,&quot;srcset&quot;:&quot;https:\\\/\\\/gevgelija.biz\\\/wp-content\\\/uploads\\\/2025\\\/07\\\/gevgeliabiz-office-768x1024.jpg 768w, https:\\\/\\\/gevgelija.biz\\\/wp-content\\\/uploads\\\/2025\\\/07\\\/gevgeliabiz-office-225x300.jpg 225w, https:\\\/\\\/gevgelija.biz\\\/wp-content\\\/uploads\\\/2025\\\/07\\\/gevgeliabiz-office-1152x1536.jpg 1152w, https:\\\/\\\/gevgelija.biz\\\/wp-content\\\/uploads\\\/2025\\\/07\\\/gevgeliabiz-office-150x200.jpg 150w, https:\\\/\\\/gevgelija.biz\\\/wp-content\\\/uploads\\\/2025\\\/07\\\/gevgeliabiz-office-450x600.jpg 450w, https:\\\/\\\/gevgelija.biz\\\/wp-content\\\/uploads\\\/2025\\\/07\\\/gevgeliabiz-office.jpg 1200w&quot;}\" \/>\t\t\t\t\t\t\t\t\t\t\t\t\t\t\t<\/div>\n\t\t\t\t<\/div>\n\t\t\t\t\t<\/div>\n\t\t<\/div>\n\t\t\t\t\t<\/div>\n\t\t<\/section>\n\t\t\t\t<\/div>\n\t\t","protected":false},"excerpt":{"rendered":"<p>Gevgelija.biz&#8217;e ho\u015f geldiniz , Gevgelija b\u00f6lgesindeki lider dijital pazarlama platformunuz ve i\u015fletme tan\u0131t\u0131m\u0131 ve bilgileri i\u00e7in ana portal\u0131n\u0131z. Amac\u0131m\u0131z yerel \u015firketler, hizmetler ve markalar i\u00e7in kaliteli \u00e7evrimi\u00e7i reklamc\u0131l\u0131k sa\u011flamak, bunlar\u0131 binlerce potansiyel m\u00fc\u015fteriye ve turiste profesyonel, etkili ve \u00e7ekici bir \u015fekilde sunmakt\u0131r. Gevgelija.biz, yerel \u015firketleri ve hizmetleri b\u00f6lgesel ve uluslararas\u0131 pazarla birle\u015ftirmek i\u00e7in net bir<\/p>\n","protected":false},"author":1,"featured_media":0,"parent":0,"menu_order":0,"comment_status":"closed","ping_status":"closed","template":"page-templates\/blocks.php","meta":{"footnotes":""},"class_list":["post-9780","page","type-page","status-publish"],"_links":{"self":[{"href":"https:\/\/gevgelija.biz\/tr\/wp-json\/wp\/v2\/pages\/9780","targetHints":{"allow":["GET"]}}],"collection":[{"href":"https:\/\/gevgelija.biz\/tr\/wp-json\/wp\/v2\/pages"}],"about":[{"href":"https:\/\/gevgelija.biz\/tr\/wp-json\/wp\/v2\/types\/page"}],"author":[{"embeddable":true,"href":"https:\/\/gevgelija.biz\/tr\/wp-json\/wp\/v2\/users\/1"}],"replies":[{"embeddable":true,"href":"https:\/\/gevgelija.biz\/tr\/wp-json\/wp\/v2\/comments?post=9780"}],"version-history":[{"count":3,"href":"https:\/\/gevgelija.biz\/tr\/wp-json\/wp\/v2\/pages\/9780\/revisions"}],"predecessor-version":[{"id":10282,"href":"https:\/\/gevgelija.biz\/tr\/wp-json\/wp\/v2\/pages\/9780\/revisions\/10282"}],"wp:attachment":[{"href":"https:\/\/gevgelija.biz\/tr\/wp-json\/wp\/v2\/media?parent=9780"}],"curies":[{"name":"wp","href":"https:\/\/api.w.org\/{rel}","templated":true}]}}