{"id":9819,"date":"2025-05-29T17:18:08","date_gmt":"2025-05-29T15:18:08","guid":{"rendered":"https:\/\/gevgelija.biz\/gevgelija-otobus-istasyonu-sefer-saatleri\/"},"modified":"2025-07-07T19:03:55","modified_gmt":"2025-07-07T17:03:55","slug":"gevgelija-otobus-istasyonu-sefer-saatleri","status":"publish","type":"page","link":"https:\/\/gevgelija.biz\/tr\/gevgelija-otobus-istasyonu-sefer-saatleri\/","title":{"rendered":"Gevgelija Otob\u00fcs \u0130stasyonu \u2013 Sefer Saatleri"},"content":{"rendered":"\t\t<div data-elementor-type=\"wp-page\" data-elementor-id=\"9819\" class=\"elementor elementor-9819 elementor-7403\" data-elementor-post-type=\"page\">\n\t\t\t\t\t\t<section class=\"has-el-gap el-gap-default elementor-section elementor-top-section elementor-element elementor-element-970dd7e elementor-section-boxed elementor-section-height-default elementor-section-height-default\" data-id=\"970dd7e\" data-element_type=\"section\" data-e-type=\"section\">\n\t\t\t\t\t\t<div class=\"elementor-container elementor-column-gap-no\">\n\t\t\t\t\t<div class=\"elementor-column elementor-col-100 elementor-top-column elementor-element elementor-element-b473960\" data-id=\"b473960\" data-element_type=\"column\" data-e-type=\"column\">\n\t\t\t<div class=\"elementor-widget-wrap elementor-element-populated\">\n\t\t\t\t\t\t<div class=\"elementor-element elementor-element-2a05737 elementor-widget elementor-widget-text-editor\" data-id=\"2a05737\" data-element_type=\"widget\" data-e-type=\"widget\" data-widget_type=\"text-editor.default\">\n\t\t\t\t<div class=\"elementor-widget-container\">\n\t\t\t\t\t\t\t\t\t<h2>Gevgelija i\u00e7in g\u00fcncel otob\u00fcs tarifesi: \u00dcsk\u00fcp, Doyran, Bogdanci, Ustrumca, Selanik&#8217;e giden ve geri giden t\u00fcm hatlar.<\/h2>\t\t\t\t\t\t\t\t<\/div>\n\t\t\t\t<\/div>\n\t\t\t\t\t<\/div>\n\t\t<\/div>\n\t\t\t\t\t<\/div>\n\t\t<\/section>\n\t\t\t\t<section class=\"has-el-gap el-gap-default elementor-section elementor-top-section elementor-element elementor-element-1f2c85e elementor-section-boxed elementor-section-height-default elementor-section-height-default\" data-id=\"1f2c85e\" data-element_type=\"section\" data-e-type=\"section\">\n\t\t\t\t\t\t<div class=\"elementor-container elementor-column-gap-no\">\n\t\t\t\t\t<div class=\"elementor-column elementor-col-100 elementor-top-column elementor-element elementor-element-718572c\" data-id=\"718572c\" data-element_type=\"column\" data-e-type=\"column\">\n\t\t\t<div class=\"elementor-widget-wrap elementor-element-populated\">\n\t\t\t\t\t\t<div class=\"elementor-element elementor-element-dbac455 elementor-widget elementor-widget-html\" data-id=\"dbac455\" data-element_type=\"widget\" data-e-type=\"widget\" data-widget_type=\"html.default\">\n\t\t\t\t<div class=\"elementor-widget-container\">\n\t\t\t\t\t<style>\n@import url('https:\/\/fonts.googleapis.com\/css2?family=Inter:wght@400;600&display=swap');\n.bus-table-section {\n  margin-bottom: 36px;\n  border-radius: 12px;\n  overflow: hidden;\n  box-shadow: 0 4px 12px rgba(0,0,0,0.08);\n}\n.bus-section-title {\n  background-color: #0B9444;\n  color: #fff;\n  padding: 13px 18px;\n  font-size: 17px;\n  font-weight: 600;\n  letter-spacing: 0.5px;\n}\n.bus-filter-box {\n  margin-bottom: 22px;\n  text-align: right;\n}\n.bus-filter-box select {\n  padding: 7px 11px;\n  font-size: 14px;\n  border-radius: 6px;\n  border: 1px solid #b3b3b3;\n}\n.bus-table-wrapper {\n  overflow-x: auto;\n  background: #fff;\n}\n.bus-table {\n  width: 100%;\n  border-collapse: collapse;\n  min-width: 600px;\n}\n.bus-table th, .bus-table td {\n  padding: 11px 14px;\n  text-align: left;\n  border-bottom: 1px solid #ececec;\n  font-size: 14px;\n}\n.bus-table thead {\n  background: #f1f5f9;\n  font-weight: 600;\n  text-transform: uppercase;\n  font-size: 13px;\n  color: #374151;\n}\n.bus-table tbody tr:nth-child(even) {\n  background-color: #f9fafb;\n}\n.bus-table tbody tr:hover {\n  background: #e0f2fe;\n  transition: background 0.2s;\n}\n@media screen and (max-width: 900px) {\n  .bus-table {\n    min-width: 100%;\n  }\n  .bus-filter-box {\n    text-align: left;\n  }\n}\n<\/style>\n\n<div class=\"bus-filter-box\">\n  <label for=\"busDestinationFilter\">\u0130li\u015fkiye g\u00f6re filtrele:<\/label>\n  <select id=\"busDestinationFilter\" onchange=\"filterBusTables()\">\n    <option value=\"all\">T\u00fcm ili\u015fkiler<\/option>\n    <option value=\"gev-sk\">Gevgelija - \u00dcsk\u00fcp<\/option>\n    <option value=\"sk-gev\">\u00dcsk\u00fcp - Gevgeli<\/option>\n    <option value=\"gev-stru\">Gevgelija - Strumica<\/option>\n    <option value=\"stru-gev\">Strumica - Gevgeli<\/option>\n    <option value=\"gev-doj\">Gevgelija - Doyran<\/option>\n    <option value=\"doj-gev\">Dojran - Gevgeli<\/option>\n    <option value=\"gev-bog\">Gevgelija - Bogdanci<\/option>\n    <option value=\"bog-gev\">Bogdanci - Gevgelija<\/option>\n    <option value=\"gev-solun\">Gevgelija - Selanik<\/option>\n    <option value=\"solun-gev\">Selanik - Gevgeli<\/option>\n  <\/select>\n<\/div>\n\n<!-- \u0418\u0437\u0432\u0435\u0441\u0442\u0443\u0432\u0430\u045a\u0435 \u0438 \u043a\u043e\u043d\u0442\u0430\u043a\u0442\u0438 -->\n<div style=\"margin-bottom:12px; color:#444;\">\n  <b>B\u0130LD\u0130R\u0130<\/b><br> <small>(Son de\u011fi\u015fiklik 16.06.2025, Pazartesi)<\/small><br> <span>Telefonlar: <a href=\"tel:071354467\">071-354-467<\/a> ve <a href=\"tel:034611003\">034-611-003<\/a><\/span>\n<\/div>\n\n<!-- \u0421\u0438\u0442\u0435 \u0442\u0430\u0431\u0435\u043b\u0438 \u045c\u0435 \u0441\u0435 \u043f\u0440\u0438\u043a\u0430\u0436\u0430\u0442 \u0442\u0443\u043a\u0430 -->\n<div id=\"bus-tables-container\">\n\n  <!-- \u0413\u0435\u0432\u0433\u0435\u043b\u0438\u0458\u0430 - \u0421\u043a\u043e\u043f\u0458\u0435 -->\n  <div class=\"bus-table-section\" data-group=\"gev-sk\">\n    <div class=\"bus-section-title\">Gevgelija - \u00dcsk\u00fcp<\/div>\n    <div class=\"bus-table-wrapper\">\n      <table class=\"bus-table\">\n        <thead>\n          <tr>\n            <th>Zaman<\/th> <th>G\u00fcn<\/th> <th>Ta\u015f\u0131y\u0131c\u0131<\/th>\n          <\/tr>\n        <\/thead>\n        <tbody>\n          <tr><td>06:00<\/td> <td>Pazartesi'den Cuma'ya<\/td> <td>DAJO TOURS - Negotino<\/td><\/tr>\n          <tr><td>07:18<\/td> <td>Her g\u00fcn<\/td> <td>DAJO TOURS - Negotino<\/td><\/tr>\n          <tr><td>10:00<\/td> <td>Pazartesi'den Cuma'ya<\/td> <td>DAJO TURLARI - Negotino<\/td><\/tr>\n          <tr><td>13:18<\/td> <td>Her g\u00fcn<\/td> <td>DAJO TOURS - Negotino<\/td><\/tr>\n          <tr><td>18:18<\/td> <td>Her g\u00fcn<\/td> <td>DAJO TOURS - Negotino<\/td><\/tr>\n        <\/tbody>\n      <\/table>\n    <\/div>\n  <\/div>\n\n  <!-- \u0421\u043a\u043e\u043f\u0458\u0435 - \u0413\u0435\u0432\u0433\u0435\u043b\u0438\u0458\u0430 -->\n  <div class=\"bus-table-section\" data-group=\"sk-gev\">\n    <div class=\"bus-section-title\">\u00dcsk\u00fcp - Gevgeli<\/div>\n    <div class=\"bus-table-wrapper\">\n      <table class=\"bus-table\">\n        <thead>\n          <tr>\n            <th>Zaman<\/th> <th>G\u00fcn<\/th> <th>Ta\u015f\u0131y\u0131c\u0131<\/th>\n          <\/tr>\n        <\/thead>\n        <tbody>\n          <tr><td>08:30<\/td> <td>Her g\u00fcn<\/td> <td>DAJO TOURS - Negotino<\/td><\/tr>\n          <tr><td>11:00<\/td> <td>Her g\u00fcn<\/td> <td>DAJO TOURS - Negotino<\/td><\/tr>\n          <tr><td>14:00<\/td> <td>Pazartesi'den Cuma'ya<\/td> <td>DAJO TOURS - Negotino<\/td><\/tr>\n          <tr><td>16:00<\/td> <td>Pazartesi'den Cuma'ya<\/td> <td>DAJO TOURS - Negotino<\/td><\/tr>\n          <tr><td>18:00<\/td> <td>Her g\u00fcn<\/td> <td>DAJO TOURS - Negotino<\/td><\/tr>\n        <\/tbody>\n      <\/table>\n    <\/div>\n  <\/div>\n\n  <!-- \u0413\u0435\u0432\u0433\u0435\u043b\u0438\u0458\u0430 - \u0421\u0442\u0440\u0443\u043c\u0438\u0446\u0430 -->\n  <div class=\"bus-table-section\" data-group=\"gev-stru\">\n    <div class=\"bus-section-title\">Gevgelija - Strumica<\/div>\n    <div class=\"bus-table-wrapper\">\n      <table class=\"bus-table\">\n        <thead>\n          <tr>\n            <th>Zaman<\/th> <th>G\u00fcn<\/th> <th>Ta\u015f\u0131y\u0131c\u0131<\/th>\n          <\/tr>\n        <\/thead>\n        <tbody>\n          <tr><td>06:30<\/td> <td>Pazartesi - Cumartesi<\/td> <td>TRANSBALKAN<\/td><\/tr>\n          <tr><td>14:30<\/td> <td>Pazartesi - Cumartesi<\/td> <td>TRANSBALKAN<\/td><\/tr>\n        <\/tbody>\n      <\/table>\n    <\/div>\n  <\/div>\n\n  <!-- \u0421\u0442\u0440\u0443\u043c\u0438\u0446\u0430 - \u0413\u0435\u0432\u0433\u0435\u043b\u0438\u0458\u0430 -->\n  <div class=\"bus-table-section\" data-group=\"stru-gev\">\n    <div class=\"bus-section-title\">Strumica - Gevgeli<\/div>\n    <div class=\"bus-table-wrapper\">\n      <table class=\"bus-table\">\n        <thead>\n          <tr>\n            <th>Zaman<\/th> <th>G\u00fcn<\/th> <th>Ta\u015f\u0131y\u0131c\u0131<\/th>\n          <\/tr>\n        <\/thead>\n        <tbody>\n          <tr><td>10:00<\/td> <td>Pazartesi - Cumartesi<\/td> <td>TRANSBALKAN<\/td><\/tr>\n          <tr><td>17:00<\/td> <td>Pazartesi - Cumartesi<\/td> <td>TRANSBALKAN<\/td><\/tr>\n        <\/tbody>\n      <\/table>\n    <\/div>\n  <\/div>\n\n  <!-- \u0413\u0435\u0432\u0433\u0435\u043b\u0438\u0458\u0430 - \u0414\u043e\u0458\u0440\u0430\u043d -->\n  <div class=\"bus-table-section\" data-group=\"gev-doj\">\n    <div class=\"bus-section-title\">Gevgelija - Doyran<\/div>\n    <div class=\"bus-table-wrapper\">\n      <table class=\"bus-table\">\n        <thead>\n          <tr>\n            <th>Zaman<\/th> <th>G\u00fcn<\/th> <th>Ta\u015f\u0131y\u0131c\u0131<\/th>\n          <\/tr>\n        <\/thead>\n        <tbody>\n          <tr><td>11:00<\/td> <td>Her g\u00fcn<\/td> <td>DAJO TOURS - Negotino<\/td><\/tr>\n          <tr><td>13:30<\/td> <td>Her g\u00fcn<\/td> <td>DAJO TOURS - Negotino<\/td><\/tr>\n        <\/tbody>\n      <\/table>\n    <\/div>\n  <\/div>\n\n  <!-- \u0414\u043e\u0458\u0440\u0430\u043d - \u0413\u0435\u0432\u0433\u0435\u043b\u0438\u0458\u0430 -->\n  <div class=\"bus-table-section\" data-group=\"doj-gev\">\n    <div class=\"bus-section-title\">Dojran - Gevgeli<\/div>\n    <div class=\"bus-table-wrapper\">\n      <table class=\"bus-table\">\n        <thead>\n          <tr>\n            <th>Zaman<\/th> <th>G\u00fcn<\/th> <th>Ta\u015f\u0131y\u0131c\u0131<\/th>\n          <\/tr>\n        <\/thead>\n        <tbody>\n          <tr><td>06:15<\/td> <td>Pazartesi'den Cuma'ya<\/td> <td>DAJO TOURS - Negotino<\/td><\/tr>\n          <tr><td>12:30<\/td> <td>Her g\u00fcn<\/td> <td>DAJO TOURS - Negotino<\/td><\/tr>\n          <tr><td>17:00<\/td> <td>Her g\u00fcn<\/td> <td>DAJO TOURS - Negotino<\/td><\/tr>\n        <\/tbody>\n      <\/table>\n    <\/div>\n  <\/div>\n\n  <!-- \u0413\u0435\u0432\u0433\u0435\u043b\u0438\u0458\u0430 - \u0411\u043e\u0433\u0434\u0430\u043d\u0446\u0438 -->\n  <div class=\"bus-table-section\" data-group=\"gev-bog\">\n    <div class=\"bus-section-title\">Gevgelija - Bogdanci<\/div>\n    <div class=\"bus-table-wrapper\">\n      <table class=\"bus-table\">\n        <thead>\n          <tr>\n            <th>Zaman<\/th> <th>G\u00fcn<\/th> <th>Ta\u015f\u0131y\u0131c\u0131<\/th>\n          <\/tr>\n        <\/thead>\n        <tbody>\n          <tr><td>11:00<\/td> <td>Her g\u00fcn<\/td> <td>DAJO TOURS - Negotino<\/td><\/tr>\n          <tr><td>13:30<\/td> <td>Her g\u00fcn<\/td> <td>DAJO TOURS - Negotino<\/td><\/tr>\n          <tr><td>16:30<\/td> <td>Pazartesi'den Cuma'ya<\/td> <td>DAJO TURLARI - Negotino<\/td><\/tr>\n          <tr><td>20:20<\/td> <td>Her g\u00fcn<\/td> <td>DAJO TOURS - Pazarl\u0131k<\/td><\/tr>\n        <\/tbody>\n      <\/table>\n    <\/div>\n  <\/div>\n\n  <!-- \u0411\u043e\u0433\u0434\u0430\u043d\u0446\u0438 - \u0413\u0435\u0432\u0433\u0435\u043b\u0438\u0458\u0430 -->\n  <div class=\"bus-table-section\" data-group=\"bog-gev\">\n    <div class=\"bus-section-title\">Bogdanci - Gevgelija<\/div>\n    <div class=\"bus-table-wrapper\">\n      <table class=\"bus-table\">\n        <thead>\n          <tr>\n            <th>Zaman<\/th> <th>G\u00fcn<\/th> <th>Ta\u015f\u0131y\u0131c\u0131<\/th>\n          <\/tr>\n        <\/thead>\n        <tbody>\n          <tr><td>07:00<\/td> <td>Her g\u00fcn<\/td> <td>DAJO TOURS - Negotino<\/td><\/tr>\n          <tr><td>09:30<\/td> <td>Pazartesi'den Cuma'ya<\/td> <td>DAJO TOURS - Negotino<\/td><\/tr>\n          <tr><td>13:00<\/td> <td>Her g\u00fcn<\/td> <td>DAJO TOURS - Negotino<\/td><\/tr>\n          <tr><td>17:30<\/td> <td>Her g\u00fcn<\/td> <td>DAJO TOURS - Negotino<\/td><\/tr>\n        <\/tbody>\n      <\/table>\n    <\/div>\n  <\/div>\n\n  <!-- \u0413\u0435\u0432\u0433\u0435\u043b\u0438\u0458\u0430 - \u0421\u043e\u043b\u0443\u043d -->\n  <div class=\"bus-table-section\" data-group=\"gev-solun\">\n    <div class=\"bus-section-title\">Gevgelija - Selanik<\/div>\n    <div class=\"bus-table-wrapper\">\n      <table class=\"bus-table\">\n        <thead>\n          <tr>\n            <th>Zaman<\/th> <th>G\u00fcn<\/th> <th>Ta\u015f\u0131y\u0131c\u0131<\/th>\n          <\/tr>\n        <\/thead>\n        <tbody>\n          <tr><td>11:10<\/td> <td>Sal\u0131, Per\u015fembe ve Cumartesi<\/td> <td>RULE TOURS - \u00dcsk\u00fcp<\/td><\/tr>\n          <tr><td>17:00<\/td> <td>Pazartesi, \u00c7ar\u015famba ve Cuma<\/td> <td>S\u0130MEONIDIS<\/td><\/tr>\n        <\/tbody>\n      <\/table>\n    <\/div>\n  <\/div>\n\n  <!-- \u0421\u043e\u043b\u0443\u043d - \u0413\u0435\u0432\u0433\u0435\u043b\u0438\u0458\u0430 -->\n  <div class=\"bus-table-section\" data-group=\"solun-gev\">\n    <div class=\"bus-section-title\">Selanik - Gevgeli<\/div>\n    <div class=\"bus-table-wrapper\">\n      <table class=\"bus-table\">\n        <thead>\n          <tr>\n            <th>Zaman<\/th> <th>G\u00fcn<\/th> <th>Ta\u015f\u0131y\u0131c\u0131<\/th>\n          <\/tr>\n        <\/thead>\n        <tbody>\n          <tr><td>14:30 (Yunan saati ile 15:30)<\/td> <td>Sal\u0131, Per\u015fembe ve Cumartesi<\/td> <td>RULE TOURS - \u00dcsk\u00fcp<\/td><\/tr>\n          <tr><td>07:30 (Yunan saati ile 08:30)<\/td> <td>Pazartesi, \u00c7ar\u015famba ve Cuma<\/td> <td>SIMEONIDIS<\/td><\/tr>\n        <\/tbody>\n      <\/table>\n    <\/div>\n  <\/div>\n\n<\/div>\n\n<script>\nfunction filterBusTables() {\n  var value = document.getElementById('busDestinationFilter').value;\n  var sections = document.querySelectorAll('.bus-table-section');\n  sections.forEach(function(section) {\n    section.style.display = (value === 'all' || section.getAttribute('data-group') === value) ? 'block' : 'none';\n  });\n}\n<\/script>\n\t\t\t\t<\/div>\n\t\t\t\t<\/div>\n\t\t\t\t\t<\/div>\n\t\t<\/div>\n\t\t\t\t\t<\/div>\n\t\t<\/section>\n\t\t\t\t<section class=\"has-el-gap el-gap-default elementor-section elementor-top-section elementor-element elementor-element-163d544 elementor-section-boxed elementor-section-height-default elementor-section-height-default\" data-id=\"163d544\" data-element_type=\"section\" data-e-type=\"section\">\n\t\t\t\t\t\t<div class=\"elementor-container elementor-column-gap-no\">\n\t\t\t\t\t<div class=\"elementor-column elementor-col-100 elementor-top-column elementor-element elementor-element-212b522\" data-id=\"212b522\" data-element_type=\"column\" data-e-type=\"column\">\n\t\t\t<div class=\"elementor-widget-wrap elementor-element-populated\">\n\t\t\t\t\t\t<div class=\"elementor-element elementor-element-0a4b75a elementor-widget elementor-widget-text-editor\" data-id=\"0a4b75a\" data-element_type=\"widget\" data-e-type=\"widget\" data-widget_type=\"text-editor.default\">\n\t\t\t\t<div class=\"elementor-widget-container\">\n\t\t\t\t\t\t\t\t\t<p>Otob\u00fcs dura\u011f\u0131n\u0131n ileti\u015fim numaras\u0131 <strong>034\/611-003&#8217;t\u00fcr<\/strong> .<\/p><p>Sefer saatleri <strong>JPKD &#8220;Komunalec&#8221; &#8211; Gevgelija&#8217;dan<\/strong> al\u0131nm\u0131\u015ft\u0131r ve <em>son g\u00fcncelleme tarihi: 16.06.2025, Pazartesi<\/em><br><br> Harita yard\u0131m\u0131yla Gevgelija&#8217;daki otob\u00fcs dura\u011f\u0131n\u0131 kolayca bulabilir ve \u00dcsk\u00fcp, Doyran, Strumica, Bogdanci ve Selanik&#8217;e giden t\u00fcm otob\u00fcslerin nereden kalkt\u0131\u011f\u0131n\u0131 \u00f6\u011frenebilirsiniz.<\/p><p> <\/p>\t\t\t\t\t\t\t\t<\/div>\n\t\t\t\t<\/div>\n\t\t\t\t\t<\/div>\n\t\t<\/div>\n\t\t\t\t\t<\/div>\n\t\t<\/section>\n\t\t\t\t<section class=\"elementor-section elementor-top-section elementor-element elementor-element-9e4ec50 elementor-section-boxed elementor-section-height-default elementor-section-height-default\" data-id=\"9e4ec50\" data-element_type=\"section\" data-e-type=\"section\">\n\t\t\t\t\t\t<div class=\"elementor-container elementor-column-gap-default\">\n\t\t\t\t\t<div class=\"elementor-column elementor-col-100 elementor-top-column elementor-element elementor-element-4744cc8\" data-id=\"4744cc8\" data-element_type=\"column\" data-e-type=\"column\">\n\t\t\t<div class=\"elementor-widget-wrap elementor-element-populated\">\n\t\t\t\t\t\t<div class=\"elementor-element elementor-element-a291322 elementor-widget elementor-widget-google_maps\" data-id=\"a291322\" data-element_type=\"widget\" data-e-type=\"widget\" data-widget_type=\"google_maps.default\">\n\t\t\t\t<div class=\"elementor-widget-container\">\n\t\t\t\t\t\t\t<div class=\"elementor-custom-embed\">\n\t\t\t<iframe\n\t\t\t\t\tdata-src=\"https:\/\/maps.google.com\/maps?q=%D0%B0%D0%B2%D1%82%D0%BE%D0%B1%D1%83%D1%81%D0%BA%D0%B0%20%D1%81%D1%82%D0%B0%D0%BD%D0%B8%D1%86%D0%B0%20%D0%B3%D0%B5%D0%B2%D0%B3%D0%B5%D0%BB%D0%B8%D1%98%D0%B0&#038;t=m&#038;z=16&#038;output=embed&#038;iwloc=near\"\n\t\t\t\t\ttitle=\"\u0430\u0432\u0442\u043e\u0431\u0443\u0441\u043a\u0430 \u0441\u0442\u0430\u043d\u0438\u0446\u0430 \u0433\u0435\u0432\u0433\u0435\u043b\u0438\u0458\u0430\"\n\t\t\t\t\taria-label=\"\u0430\u0432\u0442\u043e\u0431\u0443\u0441\u043a\u0430 \u0441\u0442\u0430\u043d\u0438\u0446\u0430 \u0433\u0435\u0432\u0433\u0435\u043b\u0438\u0458\u0430\"\n\t\t\t src=\"data:image\/svg+xml;base64,PHN2ZyB3aWR0aD0iMSIgaGVpZ2h0PSIxIiB4bWxucz0iaHR0cDovL3d3dy53My5vcmcvMjAwMC9zdmciPjwvc3ZnPg==\" class=\"lazyload\" data-load-mode=\"1\"><\/iframe>\n\t\t<\/div>\n\t\t\t\t\t\t<\/div>\n\t\t\t\t<\/div>\n\t\t\t\t\t<\/div>\n\t\t<\/div>\n\t\t\t\t\t<\/div>\n\t\t<\/section>\n\t\t\t\t<\/div>\n\t\t","protected":false},"excerpt":{"rendered":"<p>Gevgelija i\u00e7in g\u00fcncel otob\u00fcs tarifesi: \u00dcsk\u00fcp, Doyran, Bogdanci, Ustrumca, Selanik&#8217;e giden ve geri giden t\u00fcm hatlar. \u0130li\u015fkiye g\u00f6re filtrele: T\u00fcm ili\u015fkilerGevgelija &#8211; \u00dcsk\u00fcp\u00dcsk\u00fcp &#8211; GevgeliGevgelija &#8211; StrumicaStrumica &#8211; GevgeliGevgelija &#8211; DoyranDojran &#8211; GevgeliGevgelija &#8211; BogdanciBogdanci &#8211; GevgelijaGevgelija &#8211; SelanikSelanik &#8211; Gevgeli B\u0130LD\u0130R\u0130 (Son de\u011fi\u015fiklik 16.06.2025, Pazartesi) Telefonlar: 071-354-467 ve 034-611-003 Gevgelija &#8211; \u00dcsk\u00fcp Zaman G\u00fcn<\/p>\n","protected":false},"author":1,"featured_media":9821,"parent":0,"menu_order":0,"comment_status":"closed","ping_status":"closed","template":"page-templates\/blocks.php","meta":{"footnotes":""},"class_list":["post-9819","page","type-page","status-publish","has-post-thumbnail"],"_links":{"self":[{"href":"https:\/\/gevgelija.biz\/tr\/wp-json\/wp\/v2\/pages\/9819","targetHints":{"allow":["GET"]}}],"collection":[{"href":"https:\/\/gevgelija.biz\/tr\/wp-json\/wp\/v2\/pages"}],"about":[{"href":"https:\/\/gevgelija.biz\/tr\/wp-json\/wp\/v2\/types\/page"}],"author":[{"embeddable":true,"href":"https:\/\/gevgelija.biz\/tr\/wp-json\/wp\/v2\/users\/1"}],"replies":[{"embeddable":true,"href":"https:\/\/gevgelija.biz\/tr\/wp-json\/wp\/v2\/comments?post=9819"}],"version-history":[{"count":1,"href":"https:\/\/gevgelija.biz\/tr\/wp-json\/wp\/v2\/pages\/9819\/revisions"}],"predecessor-version":[{"id":9822,"href":"https:\/\/gevgelija.biz\/tr\/wp-json\/wp\/v2\/pages\/9819\/revisions\/9822"}],"wp:featuredmedia":[{"embeddable":true,"href":"https:\/\/gevgelija.biz\/tr\/wp-json\/wp\/v2\/media\/9821"}],"wp:attachment":[{"href":"https:\/\/gevgelija.biz\/tr\/wp-json\/wp\/v2\/media?parent=9819"}],"curies":[{"name":"wp","href":"https:\/\/api.w.org\/{rel}","templated":true}]}}